{"id":93,"date":"2025-04-19T15:50:57","date_gmt":"2025-04-19T13:50:57","guid":{"rendered":"https:\/\/lestresorsdekaia.com\/?post_type=product&#038;p=93"},"modified":"2025-04-20T11:05:04","modified_gmt":"2025-04-20T09:05:04","slug":"putih","status":"publish","type":"product","link":"https:\/\/lestresorsdekaia.com\/index.php\/produit\/putih\/","title":{"rendered":"Putih"},"content":{"rendered":"<p><span data-sheets-root=\"1\">Laissez-vous s\u00e9duire par l&rsquo;authenticit\u00e9 et la beaut\u00e9 brute de ce collier Papou, une pi\u00e8ce unique qui apportera une touche d&rsquo;exotisme et de raffinement \u00e0 votre int\u00e9rieur.<br \/>\nConfectionn\u00e9 \u00e0 la main par des artisans balinais, ce collier est le fruit d&rsquo;un savoir-faire ancestral, o\u00f9 chaque plume blanche et chaque coquillage a \u00e9t\u00e9 soigneusement s\u00e9lectionn\u00e9 et assembl\u00e9.<\/span><\/p>\n","protected":false},"excerpt":{"rendered":"<p>Laissez-vous s\u00e9duire par l&rsquo;authenticit\u00e9 et la beaut\u00e9 brute de ce collier Papou, une pi\u00e8ce unique qui apportera une touche d&rsquo;exotisme et de raffinement \u00e0 votre int\u00e9rieur. Confectionn\u00e9 \u00e0 la main par des artisans balinais, ce collier est le fruit d&rsquo;un savoir-faire ancestral, o\u00f9 chaque plume blanche et chaque coquillage a \u00e9t\u00e9 soigneusement s\u00e9lectionn\u00e9 et assembl\u00e9.<\/p>\n","protected":false},"featured_media":112,"comment_status":"open","ping_status":"closed","template":"","meta":[],"product_brand":[18],"product_cat":[23,28],"product_tag":[21],"class_list":{"0":"post-93","1":"product","2":"type-product","3":"status-publish","4":"has-post-thumbnail","6":"product_brand-nur","7":"product_cat-collier-papou","8":"product_cat-coquillage","9":"product_tag-collier-papou","11":"first","12":"instock","13":"shipping-taxable","14":"purchasable","15":"product-type-simple"},"jetpack_sharing_enabled":true,"_links":{"self":[{"href":"https:\/\/lestresorsdekaia.com\/index.php\/wp-json\/wp\/v2\/product\/93","targetHints":{"allow":["GET"]}}],"collection":[{"href":"https:\/\/lestresorsdekaia.com\/index.php\/wp-json\/wp\/v2\/product"}],"about":[{"href":"https:\/\/lestresorsdekaia.com\/index.php\/wp-json\/wp\/v2\/types\/product"}],"replies":[{"embeddable":true,"href":"https:\/\/lestresorsdekaia.com\/index.php\/wp-json\/wp\/v2\/comments?post=93"}],"wp:featuredmedia":[{"embeddable":true,"href":"https:\/\/lestresorsdekaia.com\/index.php\/wp-json\/wp\/v2\/media\/112"}],"wp:attachment":[{"href":"https:\/\/lestresorsdekaia.com\/index.php\/wp-json\/wp\/v2\/media?parent=93"}],"wp:term":[{"taxonomy":"product_brand","embeddable":true,"href":"https:\/\/lestresorsdekaia.com\/index.php\/wp-json\/wp\/v2\/product_brand?post=93"},{"taxonomy":"product_cat","embeddable":true,"href":"https:\/\/lestresorsdekaia.com\/index.php\/wp-json\/wp\/v2\/product_cat?post=93"},{"taxonomy":"product_tag","embeddable":true,"href":"https:\/\/lestresorsdekaia.com\/index.php\/wp-json\/wp\/v2\/product_tag?post=93"}],"curies":[{"name":"wp","href":"https:\/\/api.w.org\/{rel}","templated":true}]}}