{"id":91,"date":"2025-04-19T15:49:08","date_gmt":"2025-04-19T13:49:08","guid":{"rendered":"https:\/\/lestresorsdekaia.com\/?post_type=product&#038;p=91"},"modified":"2025-04-20T11:07:24","modified_gmt":"2025-04-20T09:07:24","slug":"boheme","status":"publish","type":"product","link":"https:\/\/lestresorsdekaia.com\/index.php\/produit\/boheme\/","title":{"rendered":"Boh\u00e8me"},"content":{"rendered":"<p><span data-sheets-root=\"1\">Laissez-vous transporter vers les paysages enchanteurs de Bali avec cette suspension murale unique, une v\u00e9ritable invitation au voyage et \u00e0 la d\u00e9tente.<br \/>\nSon esprit boh\u00e8me, ses couleurs naturelles et sa fabrication artisanale apportent une touche de chaleur et d&rsquo;authenticit\u00e9 \u00e0 votre int\u00e9rieur, cr\u00e9ant une atmosph\u00e8re \u00e0 la fois \u00e9l\u00e9gante et d\u00e9contract\u00e9e.<\/span><\/p>\n","protected":false},"excerpt":{"rendered":"<p>Laissez-vous transporter vers les paysages enchanteurs de Bali avec cette suspension murale unique, une v\u00e9ritable invitation au voyage et \u00e0 la d\u00e9tente. Son esprit boh\u00e8me, ses couleurs naturelles et sa fabrication artisanale apportent une touche de chaleur et d&rsquo;authenticit\u00e9 \u00e0 votre int\u00e9rieur, cr\u00e9ant une atmosph\u00e8re \u00e0 la fois \u00e9l\u00e9gante et d\u00e9contract\u00e9e.<\/p>\n","protected":false},"featured_media":94,"comment_status":"open","ping_status":"closed","template":"","meta":[],"product_brand":[18],"product_cat":[24],"product_tag":[22],"class_list":{"0":"post-91","1":"product","2":"type-product","3":"status-publish","4":"has-post-thumbnail","6":"product_brand-nur","7":"product_cat-suspension-murale","8":"product_tag-suspension-murale","10":"first","11":"instock","12":"shipping-taxable","13":"purchasable","14":"product-type-simple"},"jetpack_sharing_enabled":true,"_links":{"self":[{"href":"https:\/\/lestresorsdekaia.com\/index.php\/wp-json\/wp\/v2\/product\/91","targetHints":{"allow":["GET"]}}],"collection":[{"href":"https:\/\/lestresorsdekaia.com\/index.php\/wp-json\/wp\/v2\/product"}],"about":[{"href":"https:\/\/lestresorsdekaia.com\/index.php\/wp-json\/wp\/v2\/types\/product"}],"replies":[{"embeddable":true,"href":"https:\/\/lestresorsdekaia.com\/index.php\/wp-json\/wp\/v2\/comments?post=91"}],"wp:featuredmedia":[{"embeddable":true,"href":"https:\/\/lestresorsdekaia.com\/index.php\/wp-json\/wp\/v2\/media\/94"}],"wp:attachment":[{"href":"https:\/\/lestresorsdekaia.com\/index.php\/wp-json\/wp\/v2\/media?parent=91"}],"wp:term":[{"taxonomy":"product_brand","embeddable":true,"href":"https:\/\/lestresorsdekaia.com\/index.php\/wp-json\/wp\/v2\/product_brand?post=91"},{"taxonomy":"product_cat","embeddable":true,"href":"https:\/\/lestresorsdekaia.com\/index.php\/wp-json\/wp\/v2\/product_cat?post=91"},{"taxonomy":"product_tag","embeddable":true,"href":"https:\/\/lestresorsdekaia.com\/index.php\/wp-json\/wp\/v2\/product_tag?post=91"}],"curies":[{"name":"wp","href":"https:\/\/api.w.org\/{rel}","templated":true}]}}