{"id":90,"date":"2025-04-19T15:47:55","date_gmt":"2025-04-19T13:47:55","guid":{"rendered":"https:\/\/lestresorsdekaia.com\/?post_type=product&#038;p=90"},"modified":"2025-05-30T20:00:25","modified_gmt":"2025-05-30T18:00:25","slug":"nur","status":"publish","type":"product","link":"https:\/\/lestresorsdekaia.com\/index.php\/produit\/nur\/","title":{"rendered":"Nur"},"content":{"rendered":"<p><span data-sheets-root=\"1\">Apportez une touche d&rsquo;exotisme et de raffinement \u00e0 votre int\u00e9rieur avec ce magnifique collier papou, une cr\u00e9ation artisanale balinaise unique.<br \/>\nOrn\u00e9e de coquillages cauris soigneusement s\u00e9lectionn\u00e9s, cette pi\u00e8ce \u00e9voque les plages paradisiaques de Bali et l&rsquo;authenticit\u00e9 de son artisanat ancestral.<\/span><\/p>\n","protected":false},"excerpt":{"rendered":"<p>Apportez une touche d&rsquo;exotisme et de raffinement \u00e0 votre int\u00e9rieur avec ce magnifique collier papou, une cr\u00e9ation artisanale balinaise unique. Orn\u00e9e de coquillages cauris soigneusement s\u00e9lectionn\u00e9s, cette pi\u00e8ce \u00e9voque les plages paradisiaques de Bali et l&rsquo;authenticit\u00e9 de son artisanat ancestral.<\/p>\n","protected":false},"featured_media":296,"comment_status":"open","ping_status":"closed","template":"","meta":[],"product_brand":[18],"product_cat":[23,28],"product_tag":[21],"class_list":{"0":"post-90","1":"product","2":"type-product","3":"status-publish","4":"has-post-thumbnail","6":"product_brand-nur","7":"product_cat-collier-papou","8":"product_cat-coquillage","9":"product_tag-collier-papou","11":"first","12":"instock","13":"shipping-taxable","14":"purchasable","15":"product-type-simple"},"jetpack_sharing_enabled":true,"_links":{"self":[{"href":"https:\/\/lestresorsdekaia.com\/index.php\/wp-json\/wp\/v2\/product\/90","targetHints":{"allow":["GET"]}}],"collection":[{"href":"https:\/\/lestresorsdekaia.com\/index.php\/wp-json\/wp\/v2\/product"}],"about":[{"href":"https:\/\/lestresorsdekaia.com\/index.php\/wp-json\/wp\/v2\/types\/product"}],"replies":[{"embeddable":true,"href":"https:\/\/lestresorsdekaia.com\/index.php\/wp-json\/wp\/v2\/comments?post=90"}],"wp:featuredmedia":[{"embeddable":true,"href":"https:\/\/lestresorsdekaia.com\/index.php\/wp-json\/wp\/v2\/media\/296"}],"wp:attachment":[{"href":"https:\/\/lestresorsdekaia.com\/index.php\/wp-json\/wp\/v2\/media?parent=90"}],"wp:term":[{"taxonomy":"product_brand","embeddable":true,"href":"https:\/\/lestresorsdekaia.com\/index.php\/wp-json\/wp\/v2\/product_brand?post=90"},{"taxonomy":"product_cat","embeddable":true,"href":"https:\/\/lestresorsdekaia.com\/index.php\/wp-json\/wp\/v2\/product_cat?post=90"},{"taxonomy":"product_tag","embeddable":true,"href":"https:\/\/lestresorsdekaia.com\/index.php\/wp-json\/wp\/v2\/product_tag?post=90"}],"curies":[{"name":"wp","href":"https:\/\/api.w.org\/{rel}","templated":true}]}}