{"id":89,"date":"2025-04-19T15:46:53","date_gmt":"2025-04-19T13:46:53","guid":{"rendered":"https:\/\/lestresorsdekaia.com\/?post_type=product&#038;p=89"},"modified":"2025-04-20T11:09:44","modified_gmt":"2025-04-20T09:09:44","slug":"macrame","status":"publish","type":"product","link":"https:\/\/lestresorsdekaia.com\/index.php\/produit\/macrame\/","title":{"rendered":"Macram\u00e9"},"content":{"rendered":"<p><span data-sheets-root=\"1\">Apportez une touche de douceur et d&rsquo;authenticit\u00e9 \u00e0 votre d\u00e9coration murale avec ce collier Papou en macram\u00e9.<br \/>\nLes mat\u00e9riaux naturels et les finitions soign\u00e9es garantissent une pi\u00e8ce d\u00e9corative unique et durable.<\/span><\/p>\n","protected":false},"excerpt":{"rendered":"<p>Apportez une touche de douceur et d&rsquo;authenticit\u00e9 \u00e0 votre d\u00e9coration murale avec ce collier Papou en macram\u00e9. Les mat\u00e9riaux naturels et les finitions soign\u00e9es garantissent une pi\u00e8ce d\u00e9corative unique et durable.<\/p>\n","protected":false},"featured_media":119,"comment_status":"open","ping_status":"closed","template":"","meta":[],"product_brand":[18],"product_cat":[23,28],"product_tag":[21],"class_list":{"0":"post-89","1":"product","2":"type-product","3":"status-publish","4":"has-post-thumbnail","6":"product_brand-nur","7":"product_cat-collier-papou","8":"product_cat-coquillage","9":"product_tag-collier-papou","11":"first","12":"instock","13":"shipping-taxable","14":"purchasable","15":"product-type-simple"},"jetpack_sharing_enabled":true,"_links":{"self":[{"href":"https:\/\/lestresorsdekaia.com\/index.php\/wp-json\/wp\/v2\/product\/89","targetHints":{"allow":["GET"]}}],"collection":[{"href":"https:\/\/lestresorsdekaia.com\/index.php\/wp-json\/wp\/v2\/product"}],"about":[{"href":"https:\/\/lestresorsdekaia.com\/index.php\/wp-json\/wp\/v2\/types\/product"}],"replies":[{"embeddable":true,"href":"https:\/\/lestresorsdekaia.com\/index.php\/wp-json\/wp\/v2\/comments?post=89"}],"wp:featuredmedia":[{"embeddable":true,"href":"https:\/\/lestresorsdekaia.com\/index.php\/wp-json\/wp\/v2\/media\/119"}],"wp:attachment":[{"href":"https:\/\/lestresorsdekaia.com\/index.php\/wp-json\/wp\/v2\/media?parent=89"}],"wp:term":[{"taxonomy":"product_brand","embeddable":true,"href":"https:\/\/lestresorsdekaia.com\/index.php\/wp-json\/wp\/v2\/product_brand?post=89"},{"taxonomy":"product_cat","embeddable":true,"href":"https:\/\/lestresorsdekaia.com\/index.php\/wp-json\/wp\/v2\/product_cat?post=89"},{"taxonomy":"product_tag","embeddable":true,"href":"https:\/\/lestresorsdekaia.com\/index.php\/wp-json\/wp\/v2\/product_tag?post=89"}],"curies":[{"name":"wp","href":"https:\/\/api.w.org\/{rel}","templated":true}]}}