{"id":88,"date":"2025-04-19T15:45:34","date_gmt":"2025-04-19T13:45:34","guid":{"rendered":"https:\/\/lestresorsdekaia.com\/?post_type=product&#038;p=88"},"modified":"2025-04-20T11:10:18","modified_gmt":"2025-04-20T09:10:18","slug":"hutan","status":"publish","type":"product","link":"https:\/\/lestresorsdekaia.com\/index.php\/produit\/hutan\/","title":{"rendered":"Hutan"},"content":{"rendered":"<p><span data-sheets-root=\"1\">Transformez votre int\u00e9rieur en un sanctuaire boh\u00e8me avec cette d\u00e9coration murale unique, une v\u00e9ritable \u0153uvre d&rsquo;art balinaise.<br \/>\nEnti\u00e8rement r\u00e9alis\u00e9e \u00e0 la main par des artisans locaux, elle capture l&rsquo;essence m\u00eame de l&rsquo;\u00eele des dieux : une harmonie parfaite entre nature, artisanat et spiritualit\u00e9.<\/span><\/p>\n","protected":false},"excerpt":{"rendered":"<p>Transformez votre int\u00e9rieur en un sanctuaire boh\u00e8me avec cette d\u00e9coration murale unique, une v\u00e9ritable \u0153uvre d&rsquo;art balinaise. Enti\u00e8rement r\u00e9alis\u00e9e \u00e0 la main par des artisans locaux, elle capture l&rsquo;essence m\u00eame de l&rsquo;\u00eele des dieux : une harmonie parfaite entre nature, artisanat et spiritualit\u00e9.<\/p>\n","protected":false},"featured_media":146,"comment_status":"open","ping_status":"closed","template":"","meta":[],"product_brand":[19],"product_cat":[23,28],"product_tag":[21],"class_list":{"0":"post-88","1":"product","2":"type-product","3":"status-publish","4":"has-post-thumbnail","6":"product_brand-ryia","7":"product_cat-collier-papou","8":"product_cat-coquillage","9":"product_tag-collier-papou","11":"first","12":"instock","13":"shipping-taxable","14":"purchasable","15":"product-type-simple"},"jetpack_sharing_enabled":true,"_links":{"self":[{"href":"https:\/\/lestresorsdekaia.com\/index.php\/wp-json\/wp\/v2\/product\/88","targetHints":{"allow":["GET"]}}],"collection":[{"href":"https:\/\/lestresorsdekaia.com\/index.php\/wp-json\/wp\/v2\/product"}],"about":[{"href":"https:\/\/lestresorsdekaia.com\/index.php\/wp-json\/wp\/v2\/types\/product"}],"replies":[{"embeddable":true,"href":"https:\/\/lestresorsdekaia.com\/index.php\/wp-json\/wp\/v2\/comments?post=88"}],"wp:featuredmedia":[{"embeddable":true,"href":"https:\/\/lestresorsdekaia.com\/index.php\/wp-json\/wp\/v2\/media\/146"}],"wp:attachment":[{"href":"https:\/\/lestresorsdekaia.com\/index.php\/wp-json\/wp\/v2\/media?parent=88"}],"wp:term":[{"taxonomy":"product_brand","embeddable":true,"href":"https:\/\/lestresorsdekaia.com\/index.php\/wp-json\/wp\/v2\/product_brand?post=88"},{"taxonomy":"product_cat","embeddable":true,"href":"https:\/\/lestresorsdekaia.com\/index.php\/wp-json\/wp\/v2\/product_cat?post=88"},{"taxonomy":"product_tag","embeddable":true,"href":"https:\/\/lestresorsdekaia.com\/index.php\/wp-json\/wp\/v2\/product_tag?post=88"}],"curies":[{"name":"wp","href":"https:\/\/api.w.org\/{rel}","templated":true}]}}