{"id":263,"date":"2025-05-30T08:16:39","date_gmt":"2025-05-30T06:16:39","guid":{"rendered":"https:\/\/lestresorsdekaia.com\/?post_type=product&#038;p=263"},"modified":"2025-10-28T08:45:19","modified_gmt":"2025-10-28T07:45:19","slug":"rond-de-serviette-cauris","status":"publish","type":"product","link":"https:\/\/lestresorsdekaia.com\/index.php\/produit\/rond-de-serviette-cauris\/","title":{"rendered":"Rond de Serviette Cauris"},"content":{"rendered":"<p><span data-sheets-root=\"1\">Apportez un souffle marin \u00e0 votre table avec ces ronds de serviette en coquillages !<br \/>\nFabriqu\u00e9s \u00e0 la main avec soin, ces ronds de serviette apporteront une touche d&rsquo;originalit\u00e9 et d&rsquo;\u00e9l\u00e9gance \u00e0 vos repas, pour des moments de convivialit\u00e9 inoubliables.<\/span><\/p>\n","protected":false},"excerpt":{"rendered":"<p>Apportez un souffle marin \u00e0 votre table avec ces ronds de serviette en coquillages ! Fabriqu\u00e9s \u00e0 la main avec soin, ces ronds de serviette apporteront une touche d&rsquo;originalit\u00e9 et d&rsquo;\u00e9l\u00e9gance \u00e0 vos repas, pour des moments de convivialit\u00e9 inoubliables.<\/p>\n","protected":false},"featured_media":264,"comment_status":"open","ping_status":"closed","template":"","meta":[],"product_brand":[],"product_cat":[34,33],"product_tag":[],"class_list":{"0":"post-263","1":"product","2":"type-product","3":"status-publish","4":"has-post-thumbnail","6":"product_cat-decoration","7":"product_cat-rond-de-serviette","9":"first","10":"instock","11":"shipping-taxable","12":"purchasable","13":"product-type-simple"},"jetpack_sharing_enabled":true,"_links":{"self":[{"href":"https:\/\/lestresorsdekaia.com\/index.php\/wp-json\/wp\/v2\/product\/263","targetHints":{"allow":["GET"]}}],"collection":[{"href":"https:\/\/lestresorsdekaia.com\/index.php\/wp-json\/wp\/v2\/product"}],"about":[{"href":"https:\/\/lestresorsdekaia.com\/index.php\/wp-json\/wp\/v2\/types\/product"}],"replies":[{"embeddable":true,"href":"https:\/\/lestresorsdekaia.com\/index.php\/wp-json\/wp\/v2\/comments?post=263"}],"wp:featuredmedia":[{"embeddable":true,"href":"https:\/\/lestresorsdekaia.com\/index.php\/wp-json\/wp\/v2\/media\/264"}],"wp:attachment":[{"href":"https:\/\/lestresorsdekaia.com\/index.php\/wp-json\/wp\/v2\/media?parent=263"}],"wp:term":[{"taxonomy":"product_brand","embeddable":true,"href":"https:\/\/lestresorsdekaia.com\/index.php\/wp-json\/wp\/v2\/product_brand?post=263"},{"taxonomy":"product_cat","embeddable":true,"href":"https:\/\/lestresorsdekaia.com\/index.php\/wp-json\/wp\/v2\/product_cat?post=263"},{"taxonomy":"product_tag","embeddable":true,"href":"https:\/\/lestresorsdekaia.com\/index.php\/wp-json\/wp\/v2\/product_tag?post=263"}],"curies":[{"name":"wp","href":"https:\/\/api.w.org\/{rel}","templated":true}]}}