{"id":261,"date":"2025-05-30T08:14:21","date_gmt":"2025-05-30T06:14:21","guid":{"rendered":"https:\/\/lestresorsdekaia.com\/?post_type=product&#038;p=261"},"modified":"2025-05-30T08:14:21","modified_gmt":"2025-05-30T06:14:21","slug":"decoration-murale-cactus","status":"publish","type":"product","link":"https:\/\/lestresorsdekaia.com\/index.php\/produit\/decoration-murale-cactus\/","title":{"rendered":"D\u00e9coration murale Cactus"},"content":{"rendered":"<p><span data-sheets-root=\"1\">Apportez une touche de fantaisie et d&rsquo;\u00e9vasion \u00e0 votre d\u00e9coration avec ces suspensions cactus en coquillages.<br \/>\nCette cr\u00e9ation unique, r\u00e9alis\u00e9e \u00e0 la main, est une v\u00e9ritable \u0153uvre d&rsquo;art qui sublimera votre int\u00e9rieur.<\/span><\/p>\n","protected":false},"excerpt":{"rendered":"<p>Apportez une touche de fantaisie et d&rsquo;\u00e9vasion \u00e0 votre d\u00e9coration avec ces suspensions cactus en coquillages. Cette cr\u00e9ation unique, r\u00e9alis\u00e9e \u00e0 la main, est une v\u00e9ritable \u0153uvre d&rsquo;art qui sublimera votre int\u00e9rieur.<\/p>\n","protected":false},"featured_media":262,"comment_status":"open","ping_status":"closed","template":"","meta":[],"product_brand":[19],"product_cat":[28,34,24],"product_tag":[],"class_list":{"0":"post-261","1":"product","2":"type-product","3":"status-publish","4":"has-post-thumbnail","6":"product_brand-ryia","7":"product_cat-coquillage","8":"product_cat-decoration","9":"product_cat-suspension-murale","11":"first","12":"instock","13":"shipping-taxable","14":"purchasable","15":"product-type-simple"},"jetpack_sharing_enabled":true,"_links":{"self":[{"href":"https:\/\/lestresorsdekaia.com\/index.php\/wp-json\/wp\/v2\/product\/261","targetHints":{"allow":["GET"]}}],"collection":[{"href":"https:\/\/lestresorsdekaia.com\/index.php\/wp-json\/wp\/v2\/product"}],"about":[{"href":"https:\/\/lestresorsdekaia.com\/index.php\/wp-json\/wp\/v2\/types\/product"}],"replies":[{"embeddable":true,"href":"https:\/\/lestresorsdekaia.com\/index.php\/wp-json\/wp\/v2\/comments?post=261"}],"wp:featuredmedia":[{"embeddable":true,"href":"https:\/\/lestresorsdekaia.com\/index.php\/wp-json\/wp\/v2\/media\/262"}],"wp:attachment":[{"href":"https:\/\/lestresorsdekaia.com\/index.php\/wp-json\/wp\/v2\/media?parent=261"}],"wp:term":[{"taxonomy":"product_brand","embeddable":true,"href":"https:\/\/lestresorsdekaia.com\/index.php\/wp-json\/wp\/v2\/product_brand?post=261"},{"taxonomy":"product_cat","embeddable":true,"href":"https:\/\/lestresorsdekaia.com\/index.php\/wp-json\/wp\/v2\/product_cat?post=261"},{"taxonomy":"product_tag","embeddable":true,"href":"https:\/\/lestresorsdekaia.com\/index.php\/wp-json\/wp\/v2\/product_tag?post=261"}],"curies":[{"name":"wp","href":"https:\/\/api.w.org\/{rel}","templated":true}]}}