{"id":259,"date":"2025-05-30T08:12:59","date_gmt":"2025-05-30T06:12:59","guid":{"rendered":"https:\/\/lestresorsdekaia.com\/?post_type=product&#038;p=259"},"modified":"2025-05-30T08:12:59","modified_gmt":"2025-05-30T06:12:59","slug":"decoration-murale-lune","status":"publish","type":"product","link":"https:\/\/lestresorsdekaia.com\/index.php\/produit\/decoration-murale-lune\/","title":{"rendered":"D\u00e9coration murale Lune"},"content":{"rendered":"<p><span data-sheets-root=\"1\">Invitez la lune dans votre d\u00e9coration avec cette suspension lune en coquillages.<br \/>\nCette cr\u00e9ation unique, fa\u00e7onn\u00e9e \u00e0 la main, apporte une touche de po\u00e9sie et de myst\u00e8re \u00e0 votre int\u00e9rieur.<\/span><\/p>\n","protected":false},"excerpt":{"rendered":"<p>Invitez la lune dans votre d\u00e9coration avec cette suspension lune en coquillages. Cette cr\u00e9ation unique, fa\u00e7onn\u00e9e \u00e0 la main, apporte une touche de po\u00e9sie et de myst\u00e8re \u00e0 votre int\u00e9rieur.<\/p>\n","protected":false},"featured_media":260,"comment_status":"open","ping_status":"closed","template":"","meta":[],"product_brand":[19],"product_cat":[34,24],"product_tag":[],"class_list":{"0":"post-259","1":"product","2":"type-product","3":"status-publish","4":"has-post-thumbnail","6":"product_brand-ryia","7":"product_cat-decoration","8":"product_cat-suspension-murale","10":"first","11":"instock","12":"shipping-taxable","13":"purchasable","14":"product-type-simple"},"jetpack_sharing_enabled":true,"_links":{"self":[{"href":"https:\/\/lestresorsdekaia.com\/index.php\/wp-json\/wp\/v2\/product\/259","targetHints":{"allow":["GET"]}}],"collection":[{"href":"https:\/\/lestresorsdekaia.com\/index.php\/wp-json\/wp\/v2\/product"}],"about":[{"href":"https:\/\/lestresorsdekaia.com\/index.php\/wp-json\/wp\/v2\/types\/product"}],"replies":[{"embeddable":true,"href":"https:\/\/lestresorsdekaia.com\/index.php\/wp-json\/wp\/v2\/comments?post=259"}],"wp:featuredmedia":[{"embeddable":true,"href":"https:\/\/lestresorsdekaia.com\/index.php\/wp-json\/wp\/v2\/media\/260"}],"wp:attachment":[{"href":"https:\/\/lestresorsdekaia.com\/index.php\/wp-json\/wp\/v2\/media?parent=259"}],"wp:term":[{"taxonomy":"product_brand","embeddable":true,"href":"https:\/\/lestresorsdekaia.com\/index.php\/wp-json\/wp\/v2\/product_brand?post=259"},{"taxonomy":"product_cat","embeddable":true,"href":"https:\/\/lestresorsdekaia.com\/index.php\/wp-json\/wp\/v2\/product_cat?post=259"},{"taxonomy":"product_tag","embeddable":true,"href":"https:\/\/lestresorsdekaia.com\/index.php\/wp-json\/wp\/v2\/product_tag?post=259"}],"curies":[{"name":"wp","href":"https:\/\/api.w.org\/{rel}","templated":true}]}}