{"id":257,"date":"2025-05-30T08:11:46","date_gmt":"2025-05-30T06:11:46","guid":{"rendered":"https:\/\/lestresorsdekaia.com\/?post_type=product&#038;p=257"},"modified":"2025-05-30T08:11:46","modified_gmt":"2025-05-30T06:11:46","slug":"derouleur-papier-toilette-boho","status":"publish","type":"product","link":"https:\/\/lestresorsdekaia.com\/index.php\/produit\/derouleur-papier-toilette-boho\/","title":{"rendered":"D\u00e9rouleur Papier Toilette Boho"},"content":{"rendered":"<p><span data-sheets-root=\"1\">Transformez un objet du quotidien en un \u00e9l\u00e9ment de d\u00e9coration unique avec notre d\u00e9rouleur de papier toilette en billes de bois.<br \/>\nCon\u00e7u avec soin, cette cr\u00e9ation artisanale apporte une touche de chaleur et d&rsquo;originalit\u00e9 \u00e0 vos toilettes.<\/span><\/p>\n","protected":false},"excerpt":{"rendered":"<p>Transformez un objet du quotidien en un \u00e9l\u00e9ment de d\u00e9coration unique avec notre d\u00e9rouleur de papier toilette en billes de bois. Con\u00e7u avec soin, cette cr\u00e9ation artisanale apporte une touche de chaleur et d&rsquo;originalit\u00e9 \u00e0 vos toilettes.<\/p>\n","protected":false},"featured_media":258,"comment_status":"open","ping_status":"closed","template":"","meta":[],"product_brand":[19],"product_cat":[34],"product_tag":[],"class_list":{"0":"post-257","1":"product","2":"type-product","3":"status-publish","4":"has-post-thumbnail","6":"product_brand-ryia","7":"product_cat-decoration","9":"first","10":"instock","11":"shipping-taxable","12":"purchasable","13":"product-type-simple"},"jetpack_sharing_enabled":true,"_links":{"self":[{"href":"https:\/\/lestresorsdekaia.com\/index.php\/wp-json\/wp\/v2\/product\/257","targetHints":{"allow":["GET"]}}],"collection":[{"href":"https:\/\/lestresorsdekaia.com\/index.php\/wp-json\/wp\/v2\/product"}],"about":[{"href":"https:\/\/lestresorsdekaia.com\/index.php\/wp-json\/wp\/v2\/types\/product"}],"replies":[{"embeddable":true,"href":"https:\/\/lestresorsdekaia.com\/index.php\/wp-json\/wp\/v2\/comments?post=257"}],"wp:featuredmedia":[{"embeddable":true,"href":"https:\/\/lestresorsdekaia.com\/index.php\/wp-json\/wp\/v2\/media\/258"}],"wp:attachment":[{"href":"https:\/\/lestresorsdekaia.com\/index.php\/wp-json\/wp\/v2\/media?parent=257"}],"wp:term":[{"taxonomy":"product_brand","embeddable":true,"href":"https:\/\/lestresorsdekaia.com\/index.php\/wp-json\/wp\/v2\/product_brand?post=257"},{"taxonomy":"product_cat","embeddable":true,"href":"https:\/\/lestresorsdekaia.com\/index.php\/wp-json\/wp\/v2\/product_cat?post=257"},{"taxonomy":"product_tag","embeddable":true,"href":"https:\/\/lestresorsdekaia.com\/index.php\/wp-json\/wp\/v2\/product_tag?post=257"}],"curies":[{"name":"wp","href":"https:\/\/api.w.org\/{rel}","templated":true}]}}