{"id":255,"date":"2025-05-30T08:09:44","date_gmt":"2025-05-30T06:09:44","guid":{"rendered":"https:\/\/lestresorsdekaia.com\/?post_type=product&#038;p=255"},"modified":"2025-08-14T14:19:59","modified_gmt":"2025-08-14T12:19:59","slug":"decoration-murale-tortue","status":"publish","type":"product","link":"https:\/\/lestresorsdekaia.com\/index.php\/produit\/decoration-murale-tortue\/","title":{"rendered":"D\u00e9coration murale Tortue"},"content":{"rendered":"<p><span data-sheets-root=\"1\">Laissez-vous charmer par cette tortue d\u00e9corative en coquillages.<br \/>\nCon\u00e7ues avec soin, cette cr\u00e9ation artisanale apporte une touche d&rsquo;originalit\u00e9 et de douceur \u00e0 votre int\u00e9rieur.<\/span><\/p>\n","protected":false},"excerpt":{"rendered":"<p>Laissez-vous charmer par cette tortue d\u00e9corative en coquillages. Con\u00e7ues avec soin, cette cr\u00e9ation artisanale apporte une touche d&rsquo;originalit\u00e9 et de douceur \u00e0 votre int\u00e9rieur.<\/p>\n","protected":false},"featured_media":256,"comment_status":"open","ping_status":"closed","template":"","meta":[],"product_brand":[19],"product_cat":[34,24],"product_tag":[],"class_list":{"0":"post-255","1":"product","2":"type-product","3":"status-publish","4":"has-post-thumbnail","6":"product_brand-ryia","7":"product_cat-decoration","8":"product_cat-suspension-murale","10":"first","11":"instock","12":"shipping-taxable","13":"purchasable","14":"product-type-simple"},"jetpack_sharing_enabled":true,"_links":{"self":[{"href":"https:\/\/lestresorsdekaia.com\/index.php\/wp-json\/wp\/v2\/product\/255","targetHints":{"allow":["GET"]}}],"collection":[{"href":"https:\/\/lestresorsdekaia.com\/index.php\/wp-json\/wp\/v2\/product"}],"about":[{"href":"https:\/\/lestresorsdekaia.com\/index.php\/wp-json\/wp\/v2\/types\/product"}],"replies":[{"embeddable":true,"href":"https:\/\/lestresorsdekaia.com\/index.php\/wp-json\/wp\/v2\/comments?post=255"}],"wp:featuredmedia":[{"embeddable":true,"href":"https:\/\/lestresorsdekaia.com\/index.php\/wp-json\/wp\/v2\/media\/256"}],"wp:attachment":[{"href":"https:\/\/lestresorsdekaia.com\/index.php\/wp-json\/wp\/v2\/media?parent=255"}],"wp:term":[{"taxonomy":"product_brand","embeddable":true,"href":"https:\/\/lestresorsdekaia.com\/index.php\/wp-json\/wp\/v2\/product_brand?post=255"},{"taxonomy":"product_cat","embeddable":true,"href":"https:\/\/lestresorsdekaia.com\/index.php\/wp-json\/wp\/v2\/product_cat?post=255"},{"taxonomy":"product_tag","embeddable":true,"href":"https:\/\/lestresorsdekaia.com\/index.php\/wp-json\/wp\/v2\/product_tag?post=255"}],"curies":[{"name":"wp","href":"https:\/\/api.w.org\/{rel}","templated":true}]}}