{"id":253,"date":"2025-05-30T08:08:29","date_gmt":"2025-05-30T06:08:29","guid":{"rendered":"https:\/\/lestresorsdekaia.com\/?post_type=product&#038;p=253"},"modified":"2025-05-30T08:08:29","modified_gmt":"2025-05-30T06:08:29","slug":"palmier-kerang","status":"publish","type":"product","link":"https:\/\/lestresorsdekaia.com\/index.php\/produit\/palmier-kerang\/","title":{"rendered":"Palmier \u00ab\u00a0Kerang\u00a0\u00bb"},"content":{"rendered":"<p><span data-sheets-root=\"1\">Transformez votre int\u00e9rieur en un coin de paradis avec ce palmier d\u00e9coratif en coquillages et macram\u00e9.<br \/>\nCette cr\u00e9ation unique, r\u00e9alis\u00e9e \u00e0 la main, apporte une touche d&rsquo;exotisme et de naturel \u00e0 votre int\u00e9rieur.<\/span><\/p>\n","protected":false},"excerpt":{"rendered":"<p>Transformez votre int\u00e9rieur en un coin de paradis avec ce palmier d\u00e9coratif en coquillages et macram\u00e9. Cette cr\u00e9ation unique, r\u00e9alis\u00e9e \u00e0 la main, apporte une touche d&rsquo;exotisme et de naturel \u00e0 votre int\u00e9rieur.<\/p>\n","protected":false},"featured_media":254,"comment_status":"open","ping_status":"closed","template":"","meta":[],"product_brand":[19],"product_cat":[34,24],"product_tag":[],"class_list":{"0":"post-253","1":"product","2":"type-product","3":"status-publish","4":"has-post-thumbnail","6":"product_brand-ryia","7":"product_cat-decoration","8":"product_cat-suspension-murale","10":"first","11":"instock","12":"shipping-taxable","13":"purchasable","14":"product-type-simple"},"jetpack_sharing_enabled":true,"_links":{"self":[{"href":"https:\/\/lestresorsdekaia.com\/index.php\/wp-json\/wp\/v2\/product\/253","targetHints":{"allow":["GET"]}}],"collection":[{"href":"https:\/\/lestresorsdekaia.com\/index.php\/wp-json\/wp\/v2\/product"}],"about":[{"href":"https:\/\/lestresorsdekaia.com\/index.php\/wp-json\/wp\/v2\/types\/product"}],"replies":[{"embeddable":true,"href":"https:\/\/lestresorsdekaia.com\/index.php\/wp-json\/wp\/v2\/comments?post=253"}],"wp:featuredmedia":[{"embeddable":true,"href":"https:\/\/lestresorsdekaia.com\/index.php\/wp-json\/wp\/v2\/media\/254"}],"wp:attachment":[{"href":"https:\/\/lestresorsdekaia.com\/index.php\/wp-json\/wp\/v2\/media?parent=253"}],"wp:term":[{"taxonomy":"product_brand","embeddable":true,"href":"https:\/\/lestresorsdekaia.com\/index.php\/wp-json\/wp\/v2\/product_brand?post=253"},{"taxonomy":"product_cat","embeddable":true,"href":"https:\/\/lestresorsdekaia.com\/index.php\/wp-json\/wp\/v2\/product_cat?post=253"},{"taxonomy":"product_tag","embeddable":true,"href":"https:\/\/lestresorsdekaia.com\/index.php\/wp-json\/wp\/v2\/product_tag?post=253"}],"curies":[{"name":"wp","href":"https:\/\/api.w.org\/{rel}","templated":true}]}}