{"id":251,"date":"2025-05-30T08:07:12","date_gmt":"2025-05-30T06:07:12","guid":{"rendered":"https:\/\/lestresorsdekaia.com\/?post_type=product&#038;p=251"},"modified":"2025-05-30T08:07:12","modified_gmt":"2025-05-30T06:07:12","slug":"palmier-alam","status":"publish","type":"product","link":"https:\/\/lestresorsdekaia.com\/index.php\/produit\/palmier-alam\/","title":{"rendered":"Palmier \u00ab\u00a0Alam\u00a0\u00bb"},"content":{"rendered":"<p><span data-sheets-root=\"1\"><br \/>\nTransformez votre maison en un havre de paix tropical avec ce palmier d\u00e9coratif, une fusion parfaite entre la beaut\u00e9 naturelle des coquillages et la douceur du raphia.<br \/>\nCette cr\u00e9ation artisanale unique apporte une touche d&rsquo;exotisme et de raffinement \u00e0 votre d\u00e9coration.<\/span><\/p>\n","protected":false},"excerpt":{"rendered":"<p>Transformez votre maison en un havre de paix tropical avec ce palmier d\u00e9coratif, une fusion parfaite entre la beaut\u00e9 naturelle des coquillages et la douceur du raphia. Cette cr\u00e9ation artisanale unique apporte une touche d&rsquo;exotisme et de raffinement \u00e0 votre d\u00e9coration.<\/p>\n","protected":false},"featured_media":252,"comment_status":"open","ping_status":"closed","template":"","meta":[],"product_brand":[19],"product_cat":[34,24],"product_tag":[],"class_list":{"0":"post-251","1":"product","2":"type-product","3":"status-publish","4":"has-post-thumbnail","6":"product_brand-ryia","7":"product_cat-decoration","8":"product_cat-suspension-murale","10":"first","11":"instock","12":"shipping-taxable","13":"purchasable","14":"product-type-simple"},"jetpack_sharing_enabled":true,"_links":{"self":[{"href":"https:\/\/lestresorsdekaia.com\/index.php\/wp-json\/wp\/v2\/product\/251","targetHints":{"allow":["GET"]}}],"collection":[{"href":"https:\/\/lestresorsdekaia.com\/index.php\/wp-json\/wp\/v2\/product"}],"about":[{"href":"https:\/\/lestresorsdekaia.com\/index.php\/wp-json\/wp\/v2\/types\/product"}],"replies":[{"embeddable":true,"href":"https:\/\/lestresorsdekaia.com\/index.php\/wp-json\/wp\/v2\/comments?post=251"}],"wp:featuredmedia":[{"embeddable":true,"href":"https:\/\/lestresorsdekaia.com\/index.php\/wp-json\/wp\/v2\/media\/252"}],"wp:attachment":[{"href":"https:\/\/lestresorsdekaia.com\/index.php\/wp-json\/wp\/v2\/media?parent=251"}],"wp:term":[{"taxonomy":"product_brand","embeddable":true,"href":"https:\/\/lestresorsdekaia.com\/index.php\/wp-json\/wp\/v2\/product_brand?post=251"},{"taxonomy":"product_cat","embeddable":true,"href":"https:\/\/lestresorsdekaia.com\/index.php\/wp-json\/wp\/v2\/product_cat?post=251"},{"taxonomy":"product_tag","embeddable":true,"href":"https:\/\/lestresorsdekaia.com\/index.php\/wp-json\/wp\/v2\/product_tag?post=251"}],"curies":[{"name":"wp","href":"https:\/\/api.w.org\/{rel}","templated":true}]}}