{"id":247,"date":"2025-05-30T08:04:10","date_gmt":"2025-05-30T06:04:10","guid":{"rendered":"https:\/\/lestresorsdekaia.com\/?post_type=product&#038;p=247"},"modified":"2025-05-30T08:04:10","modified_gmt":"2025-05-30T06:04:10","slug":"rond-de-serviette-coquilles","status":"publish","type":"product","link":"https:\/\/lestresorsdekaia.com\/index.php\/produit\/rond-de-serviette-coquilles\/","title":{"rendered":"Rond de Serviette Coquilles"},"content":{"rendered":"<p><span data-sheets-root=\"1\">\u00c9vadez-vous vers les rivages de Bali avec ces ronds de serviette uniques, fa\u00e7onn\u00e9s \u00e0 la main par des artisans locaux.<br \/>\nChaque coquillage est soigneusement s\u00e9lectionn\u00e9 et travaill\u00e9 selon des techniques ancestrales, t\u00e9moignant du savoir-faire balinais.<\/span><\/p>\n","protected":false},"excerpt":{"rendered":"<p>\u00c9vadez-vous vers les rivages de Bali avec ces ronds de serviette uniques, fa\u00e7onn\u00e9s \u00e0 la main par des artisans locaux. Chaque coquillage est soigneusement s\u00e9lectionn\u00e9 et travaill\u00e9 selon des techniques ancestrales, t\u00e9moignant du savoir-faire balinais.<\/p>\n","protected":false},"featured_media":248,"comment_status":"open","ping_status":"closed","template":"","meta":[],"product_brand":[19],"product_cat":[34,33],"product_tag":[],"class_list":{"0":"post-247","1":"product","2":"type-product","3":"status-publish","4":"has-post-thumbnail","6":"product_brand-ryia","7":"product_cat-decoration","8":"product_cat-rond-de-serviette","10":"first","11":"instock","12":"shipping-taxable","13":"purchasable","14":"product-type-simple"},"jetpack_sharing_enabled":true,"_links":{"self":[{"href":"https:\/\/lestresorsdekaia.com\/index.php\/wp-json\/wp\/v2\/product\/247","targetHints":{"allow":["GET"]}}],"collection":[{"href":"https:\/\/lestresorsdekaia.com\/index.php\/wp-json\/wp\/v2\/product"}],"about":[{"href":"https:\/\/lestresorsdekaia.com\/index.php\/wp-json\/wp\/v2\/types\/product"}],"replies":[{"embeddable":true,"href":"https:\/\/lestresorsdekaia.com\/index.php\/wp-json\/wp\/v2\/comments?post=247"}],"wp:featuredmedia":[{"embeddable":true,"href":"https:\/\/lestresorsdekaia.com\/index.php\/wp-json\/wp\/v2\/media\/248"}],"wp:attachment":[{"href":"https:\/\/lestresorsdekaia.com\/index.php\/wp-json\/wp\/v2\/media?parent=247"}],"wp:term":[{"taxonomy":"product_brand","embeddable":true,"href":"https:\/\/lestresorsdekaia.com\/index.php\/wp-json\/wp\/v2\/product_brand?post=247"},{"taxonomy":"product_cat","embeddable":true,"href":"https:\/\/lestresorsdekaia.com\/index.php\/wp-json\/wp\/v2\/product_cat?post=247"},{"taxonomy":"product_tag","embeddable":true,"href":"https:\/\/lestresorsdekaia.com\/index.php\/wp-json\/wp\/v2\/product_tag?post=247"}],"curies":[{"name":"wp","href":"https:\/\/api.w.org\/{rel}","templated":true}]}}