{"id":243,"date":"2025-05-30T08:01:00","date_gmt":"2025-05-30T06:01:00","guid":{"rendered":"https:\/\/lestresorsdekaia.com\/?post_type=product&#038;p=243"},"modified":"2025-05-30T08:01:00","modified_gmt":"2025-05-30T06:01:00","slug":"rond-de-serviette-billes-de-bois","status":"publish","type":"product","link":"https:\/\/lestresorsdekaia.com\/index.php\/produit\/rond-de-serviette-billes-de-bois\/","title":{"rendered":"Rond de Serviette Billes de Bois"},"content":{"rendered":"<p><span data-sheets-root=\"1\">Apportez une touche d&rsquo;authenticit\u00e9 balinaise \u00e0 votre table avec ces ronds de serviette en billes de bois.<br \/>\nFa\u00e7onn\u00e9s \u00e0 la main par des artisans locaux, chaque pi\u00e8ce est unique et t\u00e9moigne d&rsquo;un savoir-faire ancestral.<\/span><\/p>\n","protected":false},"excerpt":{"rendered":"<p>Apportez une touche d&rsquo;authenticit\u00e9 balinaise \u00e0 votre table avec ces ronds de serviette en billes de bois. Fa\u00e7onn\u00e9s \u00e0 la main par des artisans locaux, chaque pi\u00e8ce est unique et t\u00e9moigne d&rsquo;un savoir-faire ancestral.<\/p>\n","protected":false},"featured_media":244,"comment_status":"open","ping_status":"closed","template":"","meta":[],"product_brand":[19],"product_cat":[34,33],"product_tag":[],"class_list":{"0":"post-243","1":"product","2":"type-product","3":"status-publish","4":"has-post-thumbnail","6":"product_brand-ryia","7":"product_cat-decoration","8":"product_cat-rond-de-serviette","10":"first","11":"instock","12":"shipping-taxable","13":"purchasable","14":"product-type-simple"},"jetpack_sharing_enabled":true,"_links":{"self":[{"href":"https:\/\/lestresorsdekaia.com\/index.php\/wp-json\/wp\/v2\/product\/243","targetHints":{"allow":["GET"]}}],"collection":[{"href":"https:\/\/lestresorsdekaia.com\/index.php\/wp-json\/wp\/v2\/product"}],"about":[{"href":"https:\/\/lestresorsdekaia.com\/index.php\/wp-json\/wp\/v2\/types\/product"}],"replies":[{"embeddable":true,"href":"https:\/\/lestresorsdekaia.com\/index.php\/wp-json\/wp\/v2\/comments?post=243"}],"wp:featuredmedia":[{"embeddable":true,"href":"https:\/\/lestresorsdekaia.com\/index.php\/wp-json\/wp\/v2\/media\/244"}],"wp:attachment":[{"href":"https:\/\/lestresorsdekaia.com\/index.php\/wp-json\/wp\/v2\/media?parent=243"}],"wp:term":[{"taxonomy":"product_brand","embeddable":true,"href":"https:\/\/lestresorsdekaia.com\/index.php\/wp-json\/wp\/v2\/product_brand?post=243"},{"taxonomy":"product_cat","embeddable":true,"href":"https:\/\/lestresorsdekaia.com\/index.php\/wp-json\/wp\/v2\/product_cat?post=243"},{"taxonomy":"product_tag","embeddable":true,"href":"https:\/\/lestresorsdekaia.com\/index.php\/wp-json\/wp\/v2\/product_tag?post=243"}],"curies":[{"name":"wp","href":"https:\/\/api.w.org\/{rel}","templated":true}]}}