{"id":241,"date":"2025-05-30T07:59:13","date_gmt":"2025-05-30T05:59:13","guid":{"rendered":"https:\/\/lestresorsdekaia.com\/?post_type=product&#038;p=241"},"modified":"2025-08-14T14:20:01","modified_gmt":"2025-08-14T12:20:01","slug":"porte-clefs-arete-de-poisson","status":"publish","type":"product","link":"https:\/\/lestresorsdekaia.com\/index.php\/produit\/porte-clefs-arete-de-poisson\/","title":{"rendered":"Porte-Clefs Ar\u00eate de Poisson"},"content":{"rendered":"<p><span data-sheets-root=\"1\">Emportez un morceau de plage avec vous gr\u00e2ce \u00e0 ce porte-cl\u00e9s en coquillages uniques.<br \/>\nParfait pour vous rappeler vos vacances en bord de mer ou pour offrir un cadeau original \u00e0 vos proches.<\/span><\/p>\n","protected":false},"excerpt":{"rendered":"<p>Emportez un morceau de plage avec vous gr\u00e2ce \u00e0 ce porte-cl\u00e9s en coquillages uniques. Parfait pour vous rappeler vos vacances en bord de mer ou pour offrir un cadeau original \u00e0 vos proches.<\/p>\n","protected":false},"featured_media":242,"comment_status":"open","ping_status":"closed","template":"","meta":[],"product_brand":[19],"product_cat":[31],"product_tag":[],"class_list":{"0":"post-241","1":"product","2":"type-product","3":"status-publish","4":"has-post-thumbnail","6":"product_brand-ryia","7":"product_cat-porte-clefs","9":"first","10":"instock","11":"shipping-taxable","12":"purchasable","13":"product-type-simple"},"jetpack_sharing_enabled":true,"_links":{"self":[{"href":"https:\/\/lestresorsdekaia.com\/index.php\/wp-json\/wp\/v2\/product\/241","targetHints":{"allow":["GET"]}}],"collection":[{"href":"https:\/\/lestresorsdekaia.com\/index.php\/wp-json\/wp\/v2\/product"}],"about":[{"href":"https:\/\/lestresorsdekaia.com\/index.php\/wp-json\/wp\/v2\/types\/product"}],"replies":[{"embeddable":true,"href":"https:\/\/lestresorsdekaia.com\/index.php\/wp-json\/wp\/v2\/comments?post=241"}],"wp:featuredmedia":[{"embeddable":true,"href":"https:\/\/lestresorsdekaia.com\/index.php\/wp-json\/wp\/v2\/media\/242"}],"wp:attachment":[{"href":"https:\/\/lestresorsdekaia.com\/index.php\/wp-json\/wp\/v2\/media?parent=241"}],"wp:term":[{"taxonomy":"product_brand","embeddable":true,"href":"https:\/\/lestresorsdekaia.com\/index.php\/wp-json\/wp\/v2\/product_brand?post=241"},{"taxonomy":"product_cat","embeddable":true,"href":"https:\/\/lestresorsdekaia.com\/index.php\/wp-json\/wp\/v2\/product_cat?post=241"},{"taxonomy":"product_tag","embeddable":true,"href":"https:\/\/lestresorsdekaia.com\/index.php\/wp-json\/wp\/v2\/product_tag?post=241"}],"curies":[{"name":"wp","href":"https:\/\/api.w.org\/{rel}","templated":true}]}}