{"id":239,"date":"2025-05-30T07:54:05","date_gmt":"2025-05-30T05:54:05","guid":{"rendered":"https:\/\/lestresorsdekaia.com\/?post_type=product&#038;p=239"},"modified":"2025-05-30T07:54:06","modified_gmt":"2025-05-30T05:54:06","slug":"vase-coquillages-rosace","status":"publish","type":"product","link":"https:\/\/lestresorsdekaia.com\/index.php\/produit\/vase-coquillages-rosace\/","title":{"rendered":"Vase coquillages Rosace"},"content":{"rendered":"<p><span data-sheets-root=\"1\">Apportez une touche d&rsquo;\u00e9l\u00e9gance balinaise \u00e0 votre int\u00e9rieur avec ce vase en coquillages, enti\u00e8rement fa\u00e7onn\u00e9s \u00e0 la main par des artisans talentueux de Bali.<br \/>\nChaque pi\u00e8ce est unique, t\u00e9moignant d&rsquo;un savoir-faire ancestral et d&rsquo;une passion pour les mat\u00e9riaux naturels.<br \/>\nCe vase en coquillages est plus qu&rsquo;un de simple objet de d\u00e9coration : il est le reflet d&rsquo;une culture riche et d&rsquo;un artisanat d&rsquo;exception.<\/span><\/p>\n","protected":false},"excerpt":{"rendered":"<p>Apportez une touche d&rsquo;\u00e9l\u00e9gance balinaise \u00e0 votre int\u00e9rieur avec ce vase en coquillages, enti\u00e8rement fa\u00e7onn\u00e9s \u00e0 la main par des artisans talentueux de Bali. Chaque pi\u00e8ce est unique, t\u00e9moignant d&rsquo;un savoir-faire ancestral et d&rsquo;une passion pour les mat\u00e9riaux naturels. Ce vase en coquillages est plus qu&rsquo;un de simple objet de d\u00e9coration : il est le [&hellip;]<\/p>\n","protected":false},"featured_media":240,"comment_status":"open","ping_status":"closed","template":"","meta":[],"product_brand":[19],"product_cat":[28,34,32],"product_tag":[],"class_list":{"0":"post-239","1":"product","2":"type-product","3":"status-publish","4":"has-post-thumbnail","6":"product_brand-ryia","7":"product_cat-coquillage","8":"product_cat-decoration","9":"product_cat-vase","11":"first","12":"instock","13":"shipping-taxable","14":"purchasable","15":"product-type-simple"},"jetpack_sharing_enabled":true,"_links":{"self":[{"href":"https:\/\/lestresorsdekaia.com\/index.php\/wp-json\/wp\/v2\/product\/239","targetHints":{"allow":["GET"]}}],"collection":[{"href":"https:\/\/lestresorsdekaia.com\/index.php\/wp-json\/wp\/v2\/product"}],"about":[{"href":"https:\/\/lestresorsdekaia.com\/index.php\/wp-json\/wp\/v2\/types\/product"}],"replies":[{"embeddable":true,"href":"https:\/\/lestresorsdekaia.com\/index.php\/wp-json\/wp\/v2\/comments?post=239"}],"wp:featuredmedia":[{"embeddable":true,"href":"https:\/\/lestresorsdekaia.com\/index.php\/wp-json\/wp\/v2\/media\/240"}],"wp:attachment":[{"href":"https:\/\/lestresorsdekaia.com\/index.php\/wp-json\/wp\/v2\/media?parent=239"}],"wp:term":[{"taxonomy":"product_brand","embeddable":true,"href":"https:\/\/lestresorsdekaia.com\/index.php\/wp-json\/wp\/v2\/product_brand?post=239"},{"taxonomy":"product_cat","embeddable":true,"href":"https:\/\/lestresorsdekaia.com\/index.php\/wp-json\/wp\/v2\/product_cat?post=239"},{"taxonomy":"product_tag","embeddable":true,"href":"https:\/\/lestresorsdekaia.com\/index.php\/wp-json\/wp\/v2\/product_tag?post=239"}],"curies":[{"name":"wp","href":"https:\/\/api.w.org\/{rel}","templated":true}]}}