{"id":235,"date":"2025-05-30T07:49:45","date_gmt":"2025-05-30T05:49:45","guid":{"rendered":"https:\/\/lestresorsdekaia.com\/?post_type=product&#038;p=235"},"modified":"2025-05-30T07:49:45","modified_gmt":"2025-05-30T05:49:45","slug":"suspension-arc-en-ciel","status":"publish","type":"product","link":"https:\/\/lestresorsdekaia.com\/index.php\/produit\/suspension-arc-en-ciel\/","title":{"rendered":"Suspension Arc-en-Ciel"},"content":{"rendered":"<p><span data-sheets-root=\"1\">Apportez une touche de douceur et de po\u00e9sie \u00e0 votre int\u00e9rieur avec ce magnifique arcs-en-ciel en billes de bois et raphia.<br \/>\nSon design naturel et sa couleur douce cr\u00e9era une atmosph\u00e8re chaleureuse et apaisante \u00e0 votre int\u00e9rieur.<\/span><\/p>\n","protected":false},"excerpt":{"rendered":"<p>Apportez une touche de douceur et de po\u00e9sie \u00e0 votre int\u00e9rieur avec ce magnifique arcs-en-ciel en billes de bois et raphia. Son design naturel et sa couleur douce cr\u00e9era une atmosph\u00e8re chaleureuse et apaisante \u00e0 votre int\u00e9rieur.<\/p>\n","protected":false},"featured_media":236,"comment_status":"open","ping_status":"closed","template":"","meta":[],"product_brand":[19],"product_cat":[34,24],"product_tag":[],"class_list":{"0":"post-235","1":"product","2":"type-product","3":"status-publish","4":"has-post-thumbnail","6":"product_brand-ryia","7":"product_cat-decoration","8":"product_cat-suspension-murale","10":"first","11":"instock","12":"shipping-taxable","13":"purchasable","14":"product-type-simple"},"jetpack_sharing_enabled":true,"_links":{"self":[{"href":"https:\/\/lestresorsdekaia.com\/index.php\/wp-json\/wp\/v2\/product\/235","targetHints":{"allow":["GET"]}}],"collection":[{"href":"https:\/\/lestresorsdekaia.com\/index.php\/wp-json\/wp\/v2\/product"}],"about":[{"href":"https:\/\/lestresorsdekaia.com\/index.php\/wp-json\/wp\/v2\/types\/product"}],"replies":[{"embeddable":true,"href":"https:\/\/lestresorsdekaia.com\/index.php\/wp-json\/wp\/v2\/comments?post=235"}],"wp:featuredmedia":[{"embeddable":true,"href":"https:\/\/lestresorsdekaia.com\/index.php\/wp-json\/wp\/v2\/media\/236"}],"wp:attachment":[{"href":"https:\/\/lestresorsdekaia.com\/index.php\/wp-json\/wp\/v2\/media?parent=235"}],"wp:term":[{"taxonomy":"product_brand","embeddable":true,"href":"https:\/\/lestresorsdekaia.com\/index.php\/wp-json\/wp\/v2\/product_brand?post=235"},{"taxonomy":"product_cat","embeddable":true,"href":"https:\/\/lestresorsdekaia.com\/index.php\/wp-json\/wp\/v2\/product_cat?post=235"},{"taxonomy":"product_tag","embeddable":true,"href":"https:\/\/lestresorsdekaia.com\/index.php\/wp-json\/wp\/v2\/product_tag?post=235"}],"curies":[{"name":"wp","href":"https:\/\/api.w.org\/{rel}","templated":true}]}}