{"id":231,"date":"2025-05-30T07:43:51","date_gmt":"2025-05-30T05:43:51","guid":{"rendered":"https:\/\/lestresorsdekaia.com\/?post_type=product&#038;p=231"},"modified":"2025-05-30T13:44:08","modified_gmt":"2025-05-30T11:44:08","slug":"set-de-vaisselle-pour-enfants","status":"publish","type":"product","link":"https:\/\/lestresorsdekaia.com\/index.php\/produit\/set-de-vaisselle-pour-enfants\/","title":{"rendered":"Set de Vaisselle pour Enfants"},"content":{"rendered":"<p>Offrez \u00e0 vos enfants une vaisselle \u00e0 la fois ludique et \u00e9cologique avec cet ensemble de vaisselle en teck.<br \/>\nSon design ergonomique et ses mat\u00e9riaux naturels en font un choix s\u00fbr et durable.<\/p>\n<p>-Assiette: 27x23x2cm<\/p>\n<p>-Verre: 7x8cm<\/p>\n<p>-Bol: 11x5cm<\/p>\n<p>(La couleur des objets en bois est naturellement variable en fonction de l&rsquo;essence de l&rsquo;arbre, de son \u00e2ge et de son environnement de croissance.)<\/p>\n<p>Le bois de teck se lave \u00e0 la main avec du liquide vaisselle courant (pas de lave-vaisselle) et s&rsquo;entretient avec un chiffon microfibre et une huile neutre comme celle de p\u00e9pins de raisin ou de tournesol.<\/p>\n","protected":false},"excerpt":{"rendered":"<p>Offrez \u00e0 vos enfants une vaisselle \u00e0 la fois ludique et \u00e9cologique avec cet ensemble de vaisselle en teck. Son design ergonomique et ses mat\u00e9riaux naturels en font un choix s\u00fbr et durable. -Assiette: 27x23x2cm -Verre: 7x8cm -Bol: 11x5cm (La couleur des objets en bois est naturellement variable en fonction de l&rsquo;essence de l&rsquo;arbre, de [&hellip;]<\/p>\n","protected":false},"featured_media":232,"comment_status":"open","ping_status":"closed","template":"","meta":[],"product_brand":[20],"product_cat":[27,26],"product_tag":[],"class_list":{"0":"post-231","1":"product","2":"type-product","3":"status-publish","4":"has-post-thumbnail","6":"product_brand-gayakayuku","7":"product_cat-teck","8":"product_cat-vaisselle","10":"first","11":"instock","12":"shipping-taxable","13":"purchasable","14":"product-type-simple"},"jetpack_sharing_enabled":true,"_links":{"self":[{"href":"https:\/\/lestresorsdekaia.com\/index.php\/wp-json\/wp\/v2\/product\/231","targetHints":{"allow":["GET"]}}],"collection":[{"href":"https:\/\/lestresorsdekaia.com\/index.php\/wp-json\/wp\/v2\/product"}],"about":[{"href":"https:\/\/lestresorsdekaia.com\/index.php\/wp-json\/wp\/v2\/types\/product"}],"replies":[{"embeddable":true,"href":"https:\/\/lestresorsdekaia.com\/index.php\/wp-json\/wp\/v2\/comments?post=231"}],"wp:featuredmedia":[{"embeddable":true,"href":"https:\/\/lestresorsdekaia.com\/index.php\/wp-json\/wp\/v2\/media\/232"}],"wp:attachment":[{"href":"https:\/\/lestresorsdekaia.com\/index.php\/wp-json\/wp\/v2\/media?parent=231"}],"wp:term":[{"taxonomy":"product_brand","embeddable":true,"href":"https:\/\/lestresorsdekaia.com\/index.php\/wp-json\/wp\/v2\/product_brand?post=231"},{"taxonomy":"product_cat","embeddable":true,"href":"https:\/\/lestresorsdekaia.com\/index.php\/wp-json\/wp\/v2\/product_cat?post=231"},{"taxonomy":"product_tag","embeddable":true,"href":"https:\/\/lestresorsdekaia.com\/index.php\/wp-json\/wp\/v2\/product_tag?post=231"}],"curies":[{"name":"wp","href":"https:\/\/api.w.org\/{rel}","templated":true}]}}