{"id":229,"date":"2025-05-30T07:37:11","date_gmt":"2025-05-30T05:37:11","guid":{"rendered":"https:\/\/lestresorsdekaia.com\/?post_type=product&#038;p=229"},"modified":"2025-05-30T13:44:42","modified_gmt":"2025-05-30T11:44:42","slug":"bol","status":"publish","type":"product","link":"https:\/\/lestresorsdekaia.com\/index.php\/produit\/bol\/","title":{"rendered":"Bol"},"content":{"rendered":"<p><span data-sheets-root=\"1\">Apportez une touche d&rsquo;authenticit\u00e9 \u00e0 votre table avec ce bol en teck, enti\u00e8rement fa\u00e7onn\u00e9s \u00e0 la main par des artisans passionn\u00e9s.<\/span><\/p>\n<p>(La couleur des objets en bois est naturellement variable en fonction de l&rsquo;essence de l&rsquo;arbre, de son \u00e2ge et de son environnement de croissance.)<\/p>\n<p>Le bois de teck se lave \u00e0 la main avec du liquide vaisselle courant (pas de lave-vaisselle) et s&rsquo;entretient avec un chiffon microfibre et une huile neutre comme celle de p\u00e9pins de raisin ou de tournesol.<\/p>\n","protected":false},"excerpt":{"rendered":"<p>Apportez une touche d&rsquo;authenticit\u00e9 \u00e0 votre table avec ce bol en teck, enti\u00e8rement fa\u00e7onn\u00e9s \u00e0 la main par des artisans passionn\u00e9s. (La couleur des objets en bois est naturellement variable en fonction de l&rsquo;essence de l&rsquo;arbre, de son \u00e2ge et de son environnement de croissance.) Le bois de teck se lave \u00e0 la main avec [&hellip;]<\/p>\n","protected":false},"featured_media":285,"comment_status":"open","ping_status":"closed","template":"","meta":[],"product_brand":[20],"product_cat":[27,26],"product_tag":[],"class_list":{"0":"post-229","1":"product","2":"type-product","3":"status-publish","4":"has-post-thumbnail","6":"product_brand-gayakayuku","7":"product_cat-teck","8":"product_cat-vaisselle","10":"first","11":"instock","12":"shipping-taxable","13":"purchasable","14":"product-type-simple"},"jetpack_sharing_enabled":true,"_links":{"self":[{"href":"https:\/\/lestresorsdekaia.com\/index.php\/wp-json\/wp\/v2\/product\/229","targetHints":{"allow":["GET"]}}],"collection":[{"href":"https:\/\/lestresorsdekaia.com\/index.php\/wp-json\/wp\/v2\/product"}],"about":[{"href":"https:\/\/lestresorsdekaia.com\/index.php\/wp-json\/wp\/v2\/types\/product"}],"replies":[{"embeddable":true,"href":"https:\/\/lestresorsdekaia.com\/index.php\/wp-json\/wp\/v2\/comments?post=229"}],"wp:featuredmedia":[{"embeddable":true,"href":"https:\/\/lestresorsdekaia.com\/index.php\/wp-json\/wp\/v2\/media\/285"}],"wp:attachment":[{"href":"https:\/\/lestresorsdekaia.com\/index.php\/wp-json\/wp\/v2\/media?parent=229"}],"wp:term":[{"taxonomy":"product_brand","embeddable":true,"href":"https:\/\/lestresorsdekaia.com\/index.php\/wp-json\/wp\/v2\/product_brand?post=229"},{"taxonomy":"product_cat","embeddable":true,"href":"https:\/\/lestresorsdekaia.com\/index.php\/wp-json\/wp\/v2\/product_cat?post=229"},{"taxonomy":"product_tag","embeddable":true,"href":"https:\/\/lestresorsdekaia.com\/index.php\/wp-json\/wp\/v2\/product_tag?post=229"}],"curies":[{"name":"wp","href":"https:\/\/api.w.org\/{rel}","templated":true}]}}