{"id":227,"date":"2025-05-30T07:35:19","date_gmt":"2025-05-30T05:35:19","guid":{"rendered":"https:\/\/lestresorsdekaia.com\/?post_type=product&#038;p=227"},"modified":"2025-05-30T13:45:11","modified_gmt":"2025-05-30T11:45:11","slug":"petite-assiette-a-rebord","status":"publish","type":"product","link":"https:\/\/lestresorsdekaia.com\/index.php\/produit\/petite-assiette-a-rebord\/","title":{"rendered":"Petite assiette \u00e0 Rebord"},"content":{"rendered":"<p><span data-sheets-root=\"1\">Sublimez vos desserts avec cette assiette en teck, enti\u00e8rement fa\u00e7onn\u00e9e \u00e0 la main.<br \/>\nSon rebord d\u00e9licat et ses finitions soign\u00e9es en font une pi\u00e8ce unique, \u00e0 la fois esth\u00e9tique et pratique.<\/span><\/p>\n<p>(La couleur des objets en bois est naturellement variable en fonction de l&rsquo;essence de l&rsquo;arbre, de son \u00e2ge et de son environnement de croissance.)<\/p>\n<p>Le bois de teck se lave \u00e0 la main avec du liquide vaisselle courant (pas de lave-vaisselle) et s&rsquo;entretient avec un chiffon microfibre et une huile neutre comme celle de p\u00e9pins de raisin ou de tournesol.<\/p>\n","protected":false},"excerpt":{"rendered":"<p>Sublimez vos desserts avec cette assiette en teck, enti\u00e8rement fa\u00e7onn\u00e9e \u00e0 la main. Son rebord d\u00e9licat et ses finitions soign\u00e9es en font une pi\u00e8ce unique, \u00e0 la fois esth\u00e9tique et pratique. (La couleur des objets en bois est naturellement variable en fonction de l&rsquo;essence de l&rsquo;arbre, de son \u00e2ge et de son environnement de croissance.) [&hellip;]<\/p>\n","protected":false},"featured_media":228,"comment_status":"open","ping_status":"closed","template":"","meta":[],"product_brand":[20],"product_cat":[27,26],"product_tag":[],"class_list":{"0":"post-227","1":"product","2":"type-product","3":"status-publish","4":"has-post-thumbnail","6":"product_brand-gayakayuku","7":"product_cat-teck","8":"product_cat-vaisselle","10":"first","11":"instock","12":"shipping-taxable","13":"purchasable","14":"product-type-simple"},"jetpack_sharing_enabled":true,"_links":{"self":[{"href":"https:\/\/lestresorsdekaia.com\/index.php\/wp-json\/wp\/v2\/product\/227","targetHints":{"allow":["GET"]}}],"collection":[{"href":"https:\/\/lestresorsdekaia.com\/index.php\/wp-json\/wp\/v2\/product"}],"about":[{"href":"https:\/\/lestresorsdekaia.com\/index.php\/wp-json\/wp\/v2\/types\/product"}],"replies":[{"embeddable":true,"href":"https:\/\/lestresorsdekaia.com\/index.php\/wp-json\/wp\/v2\/comments?post=227"}],"wp:featuredmedia":[{"embeddable":true,"href":"https:\/\/lestresorsdekaia.com\/index.php\/wp-json\/wp\/v2\/media\/228"}],"wp:attachment":[{"href":"https:\/\/lestresorsdekaia.com\/index.php\/wp-json\/wp\/v2\/media?parent=227"}],"wp:term":[{"taxonomy":"product_brand","embeddable":true,"href":"https:\/\/lestresorsdekaia.com\/index.php\/wp-json\/wp\/v2\/product_brand?post=227"},{"taxonomy":"product_cat","embeddable":true,"href":"https:\/\/lestresorsdekaia.com\/index.php\/wp-json\/wp\/v2\/product_cat?post=227"},{"taxonomy":"product_tag","embeddable":true,"href":"https:\/\/lestresorsdekaia.com\/index.php\/wp-json\/wp\/v2\/product_tag?post=227"}],"curies":[{"name":"wp","href":"https:\/\/api.w.org\/{rel}","templated":true}]}}