{"id":220,"date":"2025-05-30T07:29:49","date_gmt":"2025-05-30T05:29:49","guid":{"rendered":"https:\/\/lestresorsdekaia.com\/?post_type=product&#038;p=220"},"modified":"2025-06-06T04:05:01","modified_gmt":"2025-06-06T02:05:01","slug":"plat-creu","status":"publish","type":"product","link":"https:\/\/lestresorsdekaia.com\/index.php\/produit\/plat-creu\/","title":{"rendered":"Plat creu"},"content":{"rendered":"<p><span data-sheets-root=\"1\">Laissez-vous s\u00e9duire par l&rsquo;authenticit\u00e9 de ce plat en teck.<br \/>\nChaque pi\u00e8ce est unique, sculpt\u00e9e \u00e0 la main pour r\u00e9v\u00e9ler la beaut\u00e9 naturelle du bois et cr\u00e9er une forme originale qui ne manquera pas de surprendre vos convives.<\/span><\/p>\n<p>(La couleur des objets en bois est naturellement variable en fonction de l&rsquo;essence de l&rsquo;arbre, de son \u00e2ge et de son environnement de croissance.)<\/p>\n<p>Le bois de teck se lave \u00e0 la main avec du liquide vaisselle courant (pas de lave-vaisselle) et s&rsquo;entretient avec un chiffon microfibre et une huile neutre comme celle de p\u00e9pins de raisin ou de tournesol.<\/p>\n","protected":false},"excerpt":{"rendered":"<p>Laissez-vous s\u00e9duire par l&rsquo;authenticit\u00e9 de ce plat en teck. Chaque pi\u00e8ce est unique, sculpt\u00e9e \u00e0 la main pour r\u00e9v\u00e9ler la beaut\u00e9 naturelle du bois et cr\u00e9er une forme originale qui ne manquera pas de surprendre vos convives. (La couleur des objets en bois est naturellement variable en fonction de l&rsquo;essence de l&rsquo;arbre, de son \u00e2ge [&hellip;]<\/p>\n","protected":false},"featured_media":221,"comment_status":"open","ping_status":"closed","template":"","meta":[],"product_brand":[20],"product_cat":[27,26],"product_tag":[],"class_list":{"0":"post-220","1":"product","2":"type-product","3":"status-publish","4":"has-post-thumbnail","6":"product_brand-gayakayuku","7":"product_cat-teck","8":"product_cat-vaisselle","10":"first","11":"instock","12":"shipping-taxable","13":"purchasable","14":"product-type-simple"},"jetpack_sharing_enabled":true,"_links":{"self":[{"href":"https:\/\/lestresorsdekaia.com\/index.php\/wp-json\/wp\/v2\/product\/220","targetHints":{"allow":["GET"]}}],"collection":[{"href":"https:\/\/lestresorsdekaia.com\/index.php\/wp-json\/wp\/v2\/product"}],"about":[{"href":"https:\/\/lestresorsdekaia.com\/index.php\/wp-json\/wp\/v2\/types\/product"}],"replies":[{"embeddable":true,"href":"https:\/\/lestresorsdekaia.com\/index.php\/wp-json\/wp\/v2\/comments?post=220"}],"wp:featuredmedia":[{"embeddable":true,"href":"https:\/\/lestresorsdekaia.com\/index.php\/wp-json\/wp\/v2\/media\/221"}],"wp:attachment":[{"href":"https:\/\/lestresorsdekaia.com\/index.php\/wp-json\/wp\/v2\/media?parent=220"}],"wp:term":[{"taxonomy":"product_brand","embeddable":true,"href":"https:\/\/lestresorsdekaia.com\/index.php\/wp-json\/wp\/v2\/product_brand?post=220"},{"taxonomy":"product_cat","embeddable":true,"href":"https:\/\/lestresorsdekaia.com\/index.php\/wp-json\/wp\/v2\/product_cat?post=220"},{"taxonomy":"product_tag","embeddable":true,"href":"https:\/\/lestresorsdekaia.com\/index.php\/wp-json\/wp\/v2\/product_tag?post=220"}],"curies":[{"name":"wp","href":"https:\/\/api.w.org\/{rel}","templated":true}]}}