{"id":218,"date":"2025-05-30T07:27:32","date_gmt":"2025-05-30T05:27:32","guid":{"rendered":"https:\/\/lestresorsdekaia.com\/?post_type=product&#038;p=218"},"modified":"2025-08-14T14:20:03","modified_gmt":"2025-08-14T12:20:03","slug":"plat-forme-bateau","status":"publish","type":"product","link":"https:\/\/lestresorsdekaia.com\/index.php\/produit\/plat-forme-bateau\/","title":{"rendered":"Plat forme Bateau"},"content":{"rendered":"<p><span data-sheets-root=\"1\">Osez l&rsquo;originalit\u00e9 avec ce plat de pr\u00e9sentation en teck, une pi\u00e8ce unique fa\u00e7onn\u00e9e \u00e0 la main.<br \/>\nSa forme atypique et\u00a0 son veinage chaleureux apporteront une touche d&rsquo;exclusivit\u00e9 \u00e0 vos r\u00e9ceptions.<\/span><\/p>\n<p>(La couleur des objets en bois est naturellement variable en fonction de l&rsquo;essence de l&rsquo;arbre, de son \u00e2ge et de son environnement de croissance.)<\/p>\n<p>Le bois de teck se lave \u00e0 la main avec du liquide vaisselle courant (pas de lave-vaisselle) et s&rsquo;entretient avec un chiffon microfibre et une huile neutre comme celle de p\u00e9pins de raisin ou de tournesol.<\/p>\n","protected":false},"excerpt":{"rendered":"<p>Osez l&rsquo;originalit\u00e9 avec ce plat de pr\u00e9sentation en teck, une pi\u00e8ce unique fa\u00e7onn\u00e9e \u00e0 la main. Sa forme atypique et\u00a0 son veinage chaleureux apporteront une touche d&rsquo;exclusivit\u00e9 \u00e0 vos r\u00e9ceptions. (La couleur des objets en bois est naturellement variable en fonction de l&rsquo;essence de l&rsquo;arbre, de son \u00e2ge et de son environnement de croissance.) Le [&hellip;]<\/p>\n","protected":false},"featured_media":286,"comment_status":"open","ping_status":"closed","template":"","meta":[],"product_brand":[20],"product_cat":[27],"product_tag":[],"class_list":{"0":"post-218","1":"product","2":"type-product","3":"status-publish","4":"has-post-thumbnail","6":"product_brand-gayakayuku","7":"product_cat-teck","9":"first","10":"instock","11":"shipping-taxable","12":"purchasable","13":"product-type-simple"},"jetpack_sharing_enabled":true,"_links":{"self":[{"href":"https:\/\/lestresorsdekaia.com\/index.php\/wp-json\/wp\/v2\/product\/218","targetHints":{"allow":["GET"]}}],"collection":[{"href":"https:\/\/lestresorsdekaia.com\/index.php\/wp-json\/wp\/v2\/product"}],"about":[{"href":"https:\/\/lestresorsdekaia.com\/index.php\/wp-json\/wp\/v2\/types\/product"}],"replies":[{"embeddable":true,"href":"https:\/\/lestresorsdekaia.com\/index.php\/wp-json\/wp\/v2\/comments?post=218"}],"wp:featuredmedia":[{"embeddable":true,"href":"https:\/\/lestresorsdekaia.com\/index.php\/wp-json\/wp\/v2\/media\/286"}],"wp:attachment":[{"href":"https:\/\/lestresorsdekaia.com\/index.php\/wp-json\/wp\/v2\/media?parent=218"}],"wp:term":[{"taxonomy":"product_brand","embeddable":true,"href":"https:\/\/lestresorsdekaia.com\/index.php\/wp-json\/wp\/v2\/product_brand?post=218"},{"taxonomy":"product_cat","embeddable":true,"href":"https:\/\/lestresorsdekaia.com\/index.php\/wp-json\/wp\/v2\/product_cat?post=218"},{"taxonomy":"product_tag","embeddable":true,"href":"https:\/\/lestresorsdekaia.com\/index.php\/wp-json\/wp\/v2\/product_tag?post=218"}],"curies":[{"name":"wp","href":"https:\/\/api.w.org\/{rel}","templated":true}]}}