{"id":216,"date":"2025-05-30T07:25:50","date_gmt":"2025-05-30T05:25:50","guid":{"rendered":"https:\/\/lestresorsdekaia.com\/?post_type=product&#038;p=216"},"modified":"2025-05-30T13:56:48","modified_gmt":"2025-05-30T11:56:48","slug":"coupelle-feuille","status":"publish","type":"product","link":"https:\/\/lestresorsdekaia.com\/index.php\/produit\/coupelle-feuille\/","title":{"rendered":"Coupelle Feuille"},"content":{"rendered":"<p><span data-sheets-root=\"1\">Cette coupelle plate en teck en forme de feuille est id\u00e9ale pour pr\u00e9senter vos ap\u00e9ritifs, tapas ou fruits frais.<br \/>\nSon design original et son veinage d\u00e9licat apporteront une touche d&rsquo;\u00e9l\u00e9gance naturelle \u00e0 vos r\u00e9ceptions.<\/span><\/p>\n<p>(La couleur des objets en bois est naturellement variable en fonction de l&rsquo;essence de l&rsquo;arbre, de son \u00e2ge et de son environnement de croissance.)<\/p>\n<p>Le bois de teck se lave \u00e0 la main avec du liquide vaisselle courant (pas de lave-vaisselle) et s&rsquo;entretient avec un chiffon microfibre et une huile neutre comme celle de p\u00e9pins de raisin ou de tournesol.<\/p>\n","protected":false},"excerpt":{"rendered":"<p>Cette coupelle plate en teck en forme de feuille est id\u00e9ale pour pr\u00e9senter vos ap\u00e9ritifs, tapas ou fruits frais. Son design original et son veinage d\u00e9licat apporteront une touche d&rsquo;\u00e9l\u00e9gance naturelle \u00e0 vos r\u00e9ceptions. (La couleur des objets en bois est naturellement variable en fonction de l&rsquo;essence de l&rsquo;arbre, de son \u00e2ge et de son [&hellip;]<\/p>\n","protected":false},"featured_media":217,"comment_status":"open","ping_status":"closed","template":"","meta":[],"product_brand":[20],"product_cat":[27],"product_tag":[],"class_list":{"0":"post-216","1":"product","2":"type-product","3":"status-publish","4":"has-post-thumbnail","6":"product_brand-gayakayuku","7":"product_cat-teck","9":"first","10":"instock","11":"shipping-taxable","12":"purchasable","13":"product-type-simple"},"jetpack_sharing_enabled":true,"_links":{"self":[{"href":"https:\/\/lestresorsdekaia.com\/index.php\/wp-json\/wp\/v2\/product\/216","targetHints":{"allow":["GET"]}}],"collection":[{"href":"https:\/\/lestresorsdekaia.com\/index.php\/wp-json\/wp\/v2\/product"}],"about":[{"href":"https:\/\/lestresorsdekaia.com\/index.php\/wp-json\/wp\/v2\/types\/product"}],"replies":[{"embeddable":true,"href":"https:\/\/lestresorsdekaia.com\/index.php\/wp-json\/wp\/v2\/comments?post=216"}],"wp:featuredmedia":[{"embeddable":true,"href":"https:\/\/lestresorsdekaia.com\/index.php\/wp-json\/wp\/v2\/media\/217"}],"wp:attachment":[{"href":"https:\/\/lestresorsdekaia.com\/index.php\/wp-json\/wp\/v2\/media?parent=216"}],"wp:term":[{"taxonomy":"product_brand","embeddable":true,"href":"https:\/\/lestresorsdekaia.com\/index.php\/wp-json\/wp\/v2\/product_brand?post=216"},{"taxonomy":"product_cat","embeddable":true,"href":"https:\/\/lestresorsdekaia.com\/index.php\/wp-json\/wp\/v2\/product_cat?post=216"},{"taxonomy":"product_tag","embeddable":true,"href":"https:\/\/lestresorsdekaia.com\/index.php\/wp-json\/wp\/v2\/product_tag?post=216"}],"curies":[{"name":"wp","href":"https:\/\/api.w.org\/{rel}","templated":true}]}}