{"id":214,"date":"2025-05-30T07:23:51","date_gmt":"2025-05-30T05:23:51","guid":{"rendered":"https:\/\/lestresorsdekaia.com\/?post_type=product&#038;p=214"},"modified":"2025-05-30T13:42:14","modified_gmt":"2025-05-30T11:42:14","slug":"planche-a-decouper-ondulee","status":"publish","type":"product","link":"https:\/\/lestresorsdekaia.com\/index.php\/produit\/planche-a-decouper-ondulee\/","title":{"rendered":"Planche \u00e0 d\u00e9couper Ondul\u00e9e"},"content":{"rendered":"<p><span data-sheets-root=\"1\">Con\u00e7ue pour durer, cette planche \u00e0 d\u00e9couper en teck est fabriqu\u00e9e \u00e0 partir d&rsquo;un bois noble et r\u00e9sistant.<br \/>\nSon grain serr\u00e9 et sa finition impeccable garantissent une utilisation agr\u00e9able et durable.<\/span><\/p>\n<p>(La couleur des objets en bois est naturellement variable en fonction de l&rsquo;essence de l&rsquo;arbre, de son \u00e2ge et de son environnement de croissance.)<\/p>\n<p>Le bois de teck se lave \u00e0 la main avec du liquide vaisselle courant (pas de lave-vaisselle) et s&rsquo;entretient avec un chiffon microfibre et une huile neutre comme celle de p\u00e9pins de raisin ou de tournesol.<\/p>\n","protected":false},"excerpt":{"rendered":"<p>Con\u00e7ue pour durer, cette planche \u00e0 d\u00e9couper en teck est fabriqu\u00e9e \u00e0 partir d&rsquo;un bois noble et r\u00e9sistant. Son grain serr\u00e9 et sa finition impeccable garantissent une utilisation agr\u00e9able et durable. (La couleur des objets en bois est naturellement variable en fonction de l&rsquo;essence de l&rsquo;arbre, de son \u00e2ge et de son environnement de croissance.) [&hellip;]<\/p>\n","protected":false},"featured_media":287,"comment_status":"open","ping_status":"closed","template":"","meta":[],"product_brand":[20],"product_cat":[27],"product_tag":[],"class_list":{"0":"post-214","1":"product","2":"type-product","3":"status-publish","4":"has-post-thumbnail","6":"product_brand-gayakayuku","7":"product_cat-teck","9":"first","10":"instock","11":"shipping-taxable","12":"purchasable","13":"product-type-simple"},"jetpack_sharing_enabled":true,"_links":{"self":[{"href":"https:\/\/lestresorsdekaia.com\/index.php\/wp-json\/wp\/v2\/product\/214","targetHints":{"allow":["GET"]}}],"collection":[{"href":"https:\/\/lestresorsdekaia.com\/index.php\/wp-json\/wp\/v2\/product"}],"about":[{"href":"https:\/\/lestresorsdekaia.com\/index.php\/wp-json\/wp\/v2\/types\/product"}],"replies":[{"embeddable":true,"href":"https:\/\/lestresorsdekaia.com\/index.php\/wp-json\/wp\/v2\/comments?post=214"}],"wp:featuredmedia":[{"embeddable":true,"href":"https:\/\/lestresorsdekaia.com\/index.php\/wp-json\/wp\/v2\/media\/287"}],"wp:attachment":[{"href":"https:\/\/lestresorsdekaia.com\/index.php\/wp-json\/wp\/v2\/media?parent=214"}],"wp:term":[{"taxonomy":"product_brand","embeddable":true,"href":"https:\/\/lestresorsdekaia.com\/index.php\/wp-json\/wp\/v2\/product_brand?post=214"},{"taxonomy":"product_cat","embeddable":true,"href":"https:\/\/lestresorsdekaia.com\/index.php\/wp-json\/wp\/v2\/product_cat?post=214"},{"taxonomy":"product_tag","embeddable":true,"href":"https:\/\/lestresorsdekaia.com\/index.php\/wp-json\/wp\/v2\/product_tag?post=214"}],"curies":[{"name":"wp","href":"https:\/\/api.w.org\/{rel}","templated":true}]}}