{"id":212,"date":"2025-05-30T07:21:37","date_gmt":"2025-05-30T05:21:37","guid":{"rendered":"https:\/\/lestresorsdekaia.com\/?post_type=product&#038;p=212"},"modified":"2025-05-30T13:57:36","modified_gmt":"2025-05-30T11:57:36","slug":"planche-de-presentation-a-rebord","status":"publish","type":"product","link":"https:\/\/lestresorsdekaia.com\/index.php\/produit\/planche-de-presentation-a-rebord\/","title":{"rendered":"Planche de pr\u00e9sentation \u00e0 Rebord"},"content":{"rendered":"<p><span data-sheets-root=\"1\">Pr\u00e9sentez vos ap\u00e9ritifs avec \u00e9l\u00e9gance et praticit\u00e9 gr\u00e2ce \u00e0 cette planche \u00e0 ap\u00e9ro en teck.<br \/>\nSon design \u00e9pur\u00e9 et sa grande surface de travail vous permettront de cr\u00e9er des pr\u00e9sentations gourmandes et raffin\u00e9es.<\/span><\/p>\n<p>(La couleur des objets en bois est naturellement variable en fonction de l&rsquo;essence de l&rsquo;arbre, de son \u00e2ge et de son environnement de croissance.)<\/p>\n<p>Le bois de teck se lave \u00e0 la main avec du liquide vaisselle courant (pas de lave-vaisselle) et s&rsquo;entretient avec un chiffon microfibre et une huile neutre comme celle de p\u00e9pins de raisin ou de tournesol.<\/p>\n","protected":false},"excerpt":{"rendered":"<p>Pr\u00e9sentez vos ap\u00e9ritifs avec \u00e9l\u00e9gance et praticit\u00e9 gr\u00e2ce \u00e0 cette planche \u00e0 ap\u00e9ro en teck. Son design \u00e9pur\u00e9 et sa grande surface de travail vous permettront de cr\u00e9er des pr\u00e9sentations gourmandes et raffin\u00e9es. (La couleur des objets en bois est naturellement variable en fonction de l&rsquo;essence de l&rsquo;arbre, de son \u00e2ge et de son environnement [&hellip;]<\/p>\n","protected":false},"featured_media":213,"comment_status":"open","ping_status":"closed","template":"","meta":[],"product_brand":[20],"product_cat":[27],"product_tag":[],"class_list":{"0":"post-212","1":"product","2":"type-product","3":"status-publish","4":"has-post-thumbnail","6":"product_brand-gayakayuku","7":"product_cat-teck","9":"first","10":"instock","11":"shipping-taxable","12":"purchasable","13":"product-type-simple"},"jetpack_sharing_enabled":true,"_links":{"self":[{"href":"https:\/\/lestresorsdekaia.com\/index.php\/wp-json\/wp\/v2\/product\/212","targetHints":{"allow":["GET"]}}],"collection":[{"href":"https:\/\/lestresorsdekaia.com\/index.php\/wp-json\/wp\/v2\/product"}],"about":[{"href":"https:\/\/lestresorsdekaia.com\/index.php\/wp-json\/wp\/v2\/types\/product"}],"replies":[{"embeddable":true,"href":"https:\/\/lestresorsdekaia.com\/index.php\/wp-json\/wp\/v2\/comments?post=212"}],"wp:featuredmedia":[{"embeddable":true,"href":"https:\/\/lestresorsdekaia.com\/index.php\/wp-json\/wp\/v2\/media\/213"}],"wp:attachment":[{"href":"https:\/\/lestresorsdekaia.com\/index.php\/wp-json\/wp\/v2\/media?parent=212"}],"wp:term":[{"taxonomy":"product_brand","embeddable":true,"href":"https:\/\/lestresorsdekaia.com\/index.php\/wp-json\/wp\/v2\/product_brand?post=212"},{"taxonomy":"product_cat","embeddable":true,"href":"https:\/\/lestresorsdekaia.com\/index.php\/wp-json\/wp\/v2\/product_cat?post=212"},{"taxonomy":"product_tag","embeddable":true,"href":"https:\/\/lestresorsdekaia.com\/index.php\/wp-json\/wp\/v2\/product_tag?post=212"}],"curies":[{"name":"wp","href":"https:\/\/api.w.org\/{rel}","templated":true}]}}