{"id":200,"date":"2025-05-29T18:28:20","date_gmt":"2025-05-29T16:28:20","guid":{"rendered":"https:\/\/lestresorsdekaia.com\/?post_type=product&#038;p=200"},"modified":"2025-05-30T19:54:07","modified_gmt":"2025-05-30T17:54:07","slug":"cuilliere-a-melanger-ondulee","status":"publish","type":"product","link":"https:\/\/lestresorsdekaia.com\/index.php\/produit\/cuilliere-a-melanger-ondulee\/","title":{"rendered":"Cuilli\u00e8re \u00e0 m\u00e9langer Ondul\u00e9e"},"content":{"rendered":"<p><span data-sheets-root=\"1\">Laissez-vous s\u00e9duire par l&rsquo;authenticit\u00e9 de cette cuill\u00e8re \u00e0 m\u00e9langer en teck.<br \/>\nSon design original et sa finition soign\u00e9e en font un objet d&rsquo;exception.<\/span><\/p>\n<p>(La couleur des objets en bois est naturellement variable en fonction de l&rsquo;essence de l&rsquo;arbre, de son \u00e2ge et de son environnement de croissance.)<\/p>\n<p>Le bois de teck se lave \u00e0 la main avec du liquide vaisselle courant (pas de lave-vaisselle) et s&rsquo;entretient avec un chiffon microfibre et une huile neutre comme celle de p\u00e9pins de raisin ou de tournesol.<\/p>\n","protected":false},"excerpt":{"rendered":"<p>Laissez-vous s\u00e9duire par l&rsquo;authenticit\u00e9 de cette cuill\u00e8re \u00e0 m\u00e9langer en teck. Son design original et sa finition soign\u00e9e en font un objet d&rsquo;exception. (La couleur des objets en bois est naturellement variable en fonction de l&rsquo;essence de l&rsquo;arbre, de son \u00e2ge et de son environnement de croissance.) Le bois de teck se lave \u00e0 la [&hellip;]<\/p>\n","protected":false},"featured_media":201,"comment_status":"open","ping_status":"closed","template":"","meta":[],"product_brand":[20],"product_cat":[15],"product_tag":[],"class_list":{"0":"post-200","1":"product","2":"type-product","3":"status-publish","4":"has-post-thumbnail","6":"product_brand-gayakayuku","7":"product_cat-non-classe","9":"first","10":"instock","11":"shipping-taxable","12":"purchasable","13":"product-type-simple"},"jetpack_sharing_enabled":true,"_links":{"self":[{"href":"https:\/\/lestresorsdekaia.com\/index.php\/wp-json\/wp\/v2\/product\/200","targetHints":{"allow":["GET"]}}],"collection":[{"href":"https:\/\/lestresorsdekaia.com\/index.php\/wp-json\/wp\/v2\/product"}],"about":[{"href":"https:\/\/lestresorsdekaia.com\/index.php\/wp-json\/wp\/v2\/types\/product"}],"replies":[{"embeddable":true,"href":"https:\/\/lestresorsdekaia.com\/index.php\/wp-json\/wp\/v2\/comments?post=200"}],"wp:featuredmedia":[{"embeddable":true,"href":"https:\/\/lestresorsdekaia.com\/index.php\/wp-json\/wp\/v2\/media\/201"}],"wp:attachment":[{"href":"https:\/\/lestresorsdekaia.com\/index.php\/wp-json\/wp\/v2\/media?parent=200"}],"wp:term":[{"taxonomy":"product_brand","embeddable":true,"href":"https:\/\/lestresorsdekaia.com\/index.php\/wp-json\/wp\/v2\/product_brand?post=200"},{"taxonomy":"product_cat","embeddable":true,"href":"https:\/\/lestresorsdekaia.com\/index.php\/wp-json\/wp\/v2\/product_cat?post=200"},{"taxonomy":"product_tag","embeddable":true,"href":"https:\/\/lestresorsdekaia.com\/index.php\/wp-json\/wp\/v2\/product_tag?post=200"}],"curies":[{"name":"wp","href":"https:\/\/api.w.org\/{rel}","templated":true}]}}