{"id":168,"date":"2025-04-20T11:21:30","date_gmt":"2025-04-20T09:21:30","guid":{"rendered":"https:\/\/lestresorsdekaia.com\/?post_type=product&#038;p=168"},"modified":"2025-04-20T11:21:30","modified_gmt":"2025-04-20T09:21:30","slug":"bouclier-murale","status":"publish","type":"product","link":"https:\/\/lestresorsdekaia.com\/index.php\/produit\/bouclier-murale\/","title":{"rendered":"Bouclier Murale"},"content":{"rendered":"<p><span data-sheets-root=\"1\">Invitez l&rsquo;esprit de Bali dans votre int\u00e9rieur avec ce bouclier mural unique, enti\u00e8rement confectionn\u00e9 \u00e0 la main par des artisans balinais.<br \/>\nLes perles d\u00e9licates et le raphia naturel s&rsquo;entrelacent pour cr\u00e9er une pi\u00e8ce d\u00e9corative authentique et exotique.<\/span><\/p>\n","protected":false},"excerpt":{"rendered":"<p>Invitez l&rsquo;esprit de Bali dans votre int\u00e9rieur avec ce bouclier mural unique, enti\u00e8rement confectionn\u00e9 \u00e0 la main par des artisans balinais. Les perles d\u00e9licates et le raphia naturel s&rsquo;entrelacent pour cr\u00e9er une pi\u00e8ce d\u00e9corative authentique et exotique.<\/p>\n","protected":false},"featured_media":127,"comment_status":"open","ping_status":"closed","template":"","meta":[],"product_brand":[18],"product_cat":[28,34],"product_tag":[],"class_list":{"0":"post-168","1":"product","2":"type-product","3":"status-publish","4":"has-post-thumbnail","6":"product_brand-nur","7":"product_cat-coquillage","8":"product_cat-decoration","10":"first","11":"instock","12":"shipping-taxable","13":"purchasable","14":"product-type-simple"},"jetpack_sharing_enabled":true,"_links":{"self":[{"href":"https:\/\/lestresorsdekaia.com\/index.php\/wp-json\/wp\/v2\/product\/168","targetHints":{"allow":["GET"]}}],"collection":[{"href":"https:\/\/lestresorsdekaia.com\/index.php\/wp-json\/wp\/v2\/product"}],"about":[{"href":"https:\/\/lestresorsdekaia.com\/index.php\/wp-json\/wp\/v2\/types\/product"}],"replies":[{"embeddable":true,"href":"https:\/\/lestresorsdekaia.com\/index.php\/wp-json\/wp\/v2\/comments?post=168"}],"wp:featuredmedia":[{"embeddable":true,"href":"https:\/\/lestresorsdekaia.com\/index.php\/wp-json\/wp\/v2\/media\/127"}],"wp:attachment":[{"href":"https:\/\/lestresorsdekaia.com\/index.php\/wp-json\/wp\/v2\/media?parent=168"}],"wp:term":[{"taxonomy":"product_brand","embeddable":true,"href":"https:\/\/lestresorsdekaia.com\/index.php\/wp-json\/wp\/v2\/product_brand?post=168"},{"taxonomy":"product_cat","embeddable":true,"href":"https:\/\/lestresorsdekaia.com\/index.php\/wp-json\/wp\/v2\/product_cat?post=168"},{"taxonomy":"product_tag","embeddable":true,"href":"https:\/\/lestresorsdekaia.com\/index.php\/wp-json\/wp\/v2\/product_tag?post=168"}],"curies":[{"name":"wp","href":"https:\/\/api.w.org\/{rel}","templated":true}]}}