{"id":165,"date":"2025-04-20T11:17:48","date_gmt":"2025-04-20T09:17:48","guid":{"rendered":"https:\/\/lestresorsdekaia.com\/?post_type=product&#038;p=165"},"modified":"2025-05-30T19:59:30","modified_gmt":"2025-05-30T17:59:30","slug":"ethnique","status":"publish","type":"product","link":"https:\/\/lestresorsdekaia.com\/index.php\/produit\/ethnique\/","title":{"rendered":"Ethnique"},"content":{"rendered":"<p><span data-sheets-root=\"1\">Laissez-vous s\u00e9duire par ce magnifique collier papou, une pi\u00e8ce unique qui allie l&rsquo;authenticit\u00e9 de l&rsquo;artisanat ancestral \u00e0 une esth\u00e9tique contemporaine et raffin\u00e9e.<br \/>\nAvec ses couleurs neutres et \u00e9l\u00e9gantes<\/span><\/p>\n","protected":false},"excerpt":{"rendered":"<p>Laissez-vous s\u00e9duire par ce magnifique collier papou, une pi\u00e8ce unique qui allie l&rsquo;authenticit\u00e9 de l&rsquo;artisanat ancestral \u00e0 une esth\u00e9tique contemporaine et raffin\u00e9e. Avec ses couleurs neutres et \u00e9l\u00e9gantes<\/p>\n","protected":false},"featured_media":295,"comment_status":"open","ping_status":"closed","template":"","meta":[],"product_brand":[18],"product_cat":[23,28],"product_tag":[],"class_list":{"0":"post-165","1":"product","2":"type-product","3":"status-publish","4":"has-post-thumbnail","6":"product_brand-nur","7":"product_cat-collier-papou","8":"product_cat-coquillage","10":"first","11":"instock","12":"shipping-taxable","13":"purchasable","14":"product-type-simple"},"jetpack_sharing_enabled":true,"_links":{"self":[{"href":"https:\/\/lestresorsdekaia.com\/index.php\/wp-json\/wp\/v2\/product\/165","targetHints":{"allow":["GET"]}}],"collection":[{"href":"https:\/\/lestresorsdekaia.com\/index.php\/wp-json\/wp\/v2\/product"}],"about":[{"href":"https:\/\/lestresorsdekaia.com\/index.php\/wp-json\/wp\/v2\/types\/product"}],"replies":[{"embeddable":true,"href":"https:\/\/lestresorsdekaia.com\/index.php\/wp-json\/wp\/v2\/comments?post=165"}],"wp:featuredmedia":[{"embeddable":true,"href":"https:\/\/lestresorsdekaia.com\/index.php\/wp-json\/wp\/v2\/media\/295"}],"wp:attachment":[{"href":"https:\/\/lestresorsdekaia.com\/index.php\/wp-json\/wp\/v2\/media?parent=165"}],"wp:term":[{"taxonomy":"product_brand","embeddable":true,"href":"https:\/\/lestresorsdekaia.com\/index.php\/wp-json\/wp\/v2\/product_brand?post=165"},{"taxonomy":"product_cat","embeddable":true,"href":"https:\/\/lestresorsdekaia.com\/index.php\/wp-json\/wp\/v2\/product_cat?post=165"},{"taxonomy":"product_tag","embeddable":true,"href":"https:\/\/lestresorsdekaia.com\/index.php\/wp-json\/wp\/v2\/product_tag?post=165"}],"curies":[{"name":"wp","href":"https:\/\/api.w.org\/{rel}","templated":true}]}}