{"id":164,"date":"2025-04-20T11:16:45","date_gmt":"2025-04-20T09:16:45","guid":{"rendered":"https:\/\/lestresorsdekaia.com\/?post_type=product&#038;p=164"},"modified":"2025-05-30T20:03:53","modified_gmt":"2025-05-30T18:03:53","slug":"balinais-boheme","status":"publish","type":"product","link":"https:\/\/lestresorsdekaia.com\/index.php\/produit\/balinais-boheme\/","title":{"rendered":"Surya"},"content":{"rendered":"<p><span data-sheets-root=\"1\">Apportez une touche d&rsquo;\u00e9vasion et d&rsquo;authenticit\u00e9 \u00e0 votre int\u00e9rieur avec ce magnifique miroir balinais.<br \/>\nFabriqu\u00e9 \u00e0 la main par des artisans talentueux, ce miroir est une v\u00e9ritable invitation au voyage, m\u00ealant la chaleur du raphia naturel \u00e0 la beaut\u00e9 brute des coquillages.<\/span><\/p>\n","protected":false},"excerpt":{"rendered":"<p>Apportez une touche d&rsquo;\u00e9vasion et d&rsquo;authenticit\u00e9 \u00e0 votre int\u00e9rieur avec ce magnifique miroir balinais. Fabriqu\u00e9 \u00e0 la main par des artisans talentueux, ce miroir est une v\u00e9ritable invitation au voyage, m\u00ealant la chaleur du raphia naturel \u00e0 la beaut\u00e9 brute des coquillages.<\/p>\n","protected":false},"featured_media":156,"comment_status":"open","ping_status":"closed","template":"","meta":[],"product_brand":[18],"product_cat":[28,25],"product_tag":[],"class_list":{"0":"post-164","1":"product","2":"type-product","3":"status-publish","4":"has-post-thumbnail","6":"product_brand-nur","7":"product_cat-coquillage","8":"product_cat-miroir","10":"first","11":"outofstock","12":"shipping-taxable","13":"purchasable","14":"product-type-simple"},"jetpack_sharing_enabled":true,"_links":{"self":[{"href":"https:\/\/lestresorsdekaia.com\/index.php\/wp-json\/wp\/v2\/product\/164","targetHints":{"allow":["GET"]}}],"collection":[{"href":"https:\/\/lestresorsdekaia.com\/index.php\/wp-json\/wp\/v2\/product"}],"about":[{"href":"https:\/\/lestresorsdekaia.com\/index.php\/wp-json\/wp\/v2\/types\/product"}],"replies":[{"embeddable":true,"href":"https:\/\/lestresorsdekaia.com\/index.php\/wp-json\/wp\/v2\/comments?post=164"}],"wp:featuredmedia":[{"embeddable":true,"href":"https:\/\/lestresorsdekaia.com\/index.php\/wp-json\/wp\/v2\/media\/156"}],"wp:attachment":[{"href":"https:\/\/lestresorsdekaia.com\/index.php\/wp-json\/wp\/v2\/media?parent=164"}],"wp:term":[{"taxonomy":"product_brand","embeddable":true,"href":"https:\/\/lestresorsdekaia.com\/index.php\/wp-json\/wp\/v2\/product_brand?post=164"},{"taxonomy":"product_cat","embeddable":true,"href":"https:\/\/lestresorsdekaia.com\/index.php\/wp-json\/wp\/v2\/product_cat?post=164"},{"taxonomy":"product_tag","embeddable":true,"href":"https:\/\/lestresorsdekaia.com\/index.php\/wp-json\/wp\/v2\/product_tag?post=164"}],"curies":[{"name":"wp","href":"https:\/\/api.w.org\/{rel}","templated":true}]}}