{"id":163,"date":"2025-04-20T11:15:10","date_gmt":"2025-04-20T09:15:10","guid":{"rendered":"https:\/\/lestresorsdekaia.com\/?post_type=product&#038;p=163"},"modified":"2025-04-20T11:15:11","modified_gmt":"2025-04-20T09:15:11","slug":"coquillage","status":"publish","type":"product","link":"https:\/\/lestresorsdekaia.com\/index.php\/produit\/coquillage\/","title":{"rendered":"Coquillage"},"content":{"rendered":"<p><span data-sheets-root=\"1\">Apportez une touche d&rsquo;exotisme et d&rsquo;authenticit\u00e9 \u00e0 votre int\u00e9rieur avec ce magnifique coquillage d\u00e9coratif, fruit du savoir-faire artisanal balinais.<br \/>\nChaque pi\u00e8ce est unique, fa\u00e7onn\u00e9e \u00e0 la main avec passion et minutie, t\u00e9moignant d&rsquo;un h\u00e9ritage culturel riche et vibrant.<\/span><\/p>\n","protected":false},"excerpt":{"rendered":"<p>Apportez une touche d&rsquo;exotisme et d&rsquo;authenticit\u00e9 \u00e0 votre int\u00e9rieur avec ce magnifique coquillage d\u00e9coratif, fruit du savoir-faire artisanal balinais. Chaque pi\u00e8ce est unique, fa\u00e7onn\u00e9e \u00e0 la main avec passion et minutie, t\u00e9moignant d&rsquo;un h\u00e9ritage culturel riche et vibrant.<\/p>\n","protected":false},"featured_media":141,"comment_status":"open","ping_status":"closed","template":"","meta":[],"product_brand":[18],"product_cat":[28,34],"product_tag":[],"class_list":{"0":"post-163","1":"product","2":"type-product","3":"status-publish","4":"has-post-thumbnail","6":"product_brand-nur","7":"product_cat-coquillage","8":"product_cat-decoration","10":"first","11":"instock","12":"shipping-taxable","13":"purchasable","14":"product-type-simple"},"jetpack_sharing_enabled":true,"_links":{"self":[{"href":"https:\/\/lestresorsdekaia.com\/index.php\/wp-json\/wp\/v2\/product\/163","targetHints":{"allow":["GET"]}}],"collection":[{"href":"https:\/\/lestresorsdekaia.com\/index.php\/wp-json\/wp\/v2\/product"}],"about":[{"href":"https:\/\/lestresorsdekaia.com\/index.php\/wp-json\/wp\/v2\/types\/product"}],"replies":[{"embeddable":true,"href":"https:\/\/lestresorsdekaia.com\/index.php\/wp-json\/wp\/v2\/comments?post=163"}],"wp:featuredmedia":[{"embeddable":true,"href":"https:\/\/lestresorsdekaia.com\/index.php\/wp-json\/wp\/v2\/media\/141"}],"wp:attachment":[{"href":"https:\/\/lestresorsdekaia.com\/index.php\/wp-json\/wp\/v2\/media?parent=163"}],"wp:term":[{"taxonomy":"product_brand","embeddable":true,"href":"https:\/\/lestresorsdekaia.com\/index.php\/wp-json\/wp\/v2\/product_brand?post=163"},{"taxonomy":"product_cat","embeddable":true,"href":"https:\/\/lestresorsdekaia.com\/index.php\/wp-json\/wp\/v2\/product_cat?post=163"},{"taxonomy":"product_tag","embeddable":true,"href":"https:\/\/lestresorsdekaia.com\/index.php\/wp-json\/wp\/v2\/product_tag?post=163"}],"curies":[{"name":"wp","href":"https:\/\/api.w.org\/{rel}","templated":true}]}}