{"id":162,"date":"2025-04-20T11:13:49","date_gmt":"2025-04-20T09:13:49","guid":{"rendered":"https:\/\/lestresorsdekaia.com\/?post_type=product&#038;p=162"},"modified":"2025-05-30T21:32:28","modified_gmt":"2025-05-30T19:32:28","slug":"suspension-murale-en-nacre","status":"publish","type":"product","link":"https:\/\/lestresorsdekaia.com\/index.php\/produit\/suspension-murale-en-nacre\/","title":{"rendered":"Suspension Murale en Nacre"},"content":{"rendered":"<p><span data-sheets-root=\"1\">Apportez une touche d&rsquo;exotisme et de raffinement \u00e0 votre int\u00e9rieur avec cette suspension d\u00e9corative en nacre, une v\u00e9ritable \u0153uvre d&rsquo;art r\u00e9alis\u00e9e \u00e0 la main par des artisans balinais.<br \/>\nChaque pi\u00e8ce est unique, refl\u00e9tant le savoir-faire ancestral et la beaut\u00e9 naturelle de la nacre.<\/span><\/p>\n","protected":false},"excerpt":{"rendered":"<p>Apportez une touche d&rsquo;exotisme et de raffinement \u00e0 votre int\u00e9rieur avec cette suspension d\u00e9corative en nacre, une v\u00e9ritable \u0153uvre d&rsquo;art r\u00e9alis\u00e9e \u00e0 la main par des artisans balinais. Chaque pi\u00e8ce est unique, refl\u00e9tant le savoir-faire ancestral et la beaut\u00e9 naturelle de la nacre.<\/p>\n","protected":false},"featured_media":113,"comment_status":"open","ping_status":"closed","template":"","meta":[],"product_brand":[18],"product_cat":[24],"product_tag":[],"class_list":{"0":"post-162","1":"product","2":"type-product","3":"status-publish","4":"has-post-thumbnail","6":"product_brand-nur","7":"product_cat-suspension-murale","9":"first","10":"instock","11":"shipping-taxable","12":"product-type-simple"},"jetpack_sharing_enabled":true,"_links":{"self":[{"href":"https:\/\/lestresorsdekaia.com\/index.php\/wp-json\/wp\/v2\/product\/162","targetHints":{"allow":["GET"]}}],"collection":[{"href":"https:\/\/lestresorsdekaia.com\/index.php\/wp-json\/wp\/v2\/product"}],"about":[{"href":"https:\/\/lestresorsdekaia.com\/index.php\/wp-json\/wp\/v2\/types\/product"}],"replies":[{"embeddable":true,"href":"https:\/\/lestresorsdekaia.com\/index.php\/wp-json\/wp\/v2\/comments?post=162"}],"wp:featuredmedia":[{"embeddable":true,"href":"https:\/\/lestresorsdekaia.com\/index.php\/wp-json\/wp\/v2\/media\/113"}],"wp:attachment":[{"href":"https:\/\/lestresorsdekaia.com\/index.php\/wp-json\/wp\/v2\/media?parent=162"}],"wp:term":[{"taxonomy":"product_brand","embeddable":true,"href":"https:\/\/lestresorsdekaia.com\/index.php\/wp-json\/wp\/v2\/product_brand?post=162"},{"taxonomy":"product_cat","embeddable":true,"href":"https:\/\/lestresorsdekaia.com\/index.php\/wp-json\/wp\/v2\/product_cat?post=162"},{"taxonomy":"product_tag","embeddable":true,"href":"https:\/\/lestresorsdekaia.com\/index.php\/wp-json\/wp\/v2\/product_tag?post=162"}],"curies":[{"name":"wp","href":"https:\/\/api.w.org\/{rel}","templated":true}]}}