{"id":160,"date":"2025-04-20T11:11:39","date_gmt":"2025-04-20T09:11:39","guid":{"rendered":"https:\/\/lestresorsdekaia.com\/?post_type=product&#038;p=160"},"modified":"2025-04-20T11:11:39","modified_gmt":"2025-04-20T09:11:39","slug":"nature","status":"publish","type":"product","link":"https:\/\/lestresorsdekaia.com\/index.php\/produit\/nature\/","title":{"rendered":"Nature"},"content":{"rendered":"<p><span data-sheets-root=\"1\">Transformez votre int\u00e9rieur en un havre de paix avec cette magnifique d\u00e9coration murale, une ode \u00e0 la beaut\u00e9 brute et authentique de la nature.<br \/>\nChaque pi\u00e8ce est unique, r\u00e9alis\u00e9e \u00e0 la main avec des mat\u00e9riaux naturels soigneusement s\u00e9lectionn\u00e9s, apportant une touche de chaleur et de s\u00e9r\u00e9nit\u00e9 \u00e0 votre espace.<\/span><\/p>\n","protected":false},"excerpt":{"rendered":"<p>Transformez votre int\u00e9rieur en un havre de paix avec cette magnifique d\u00e9coration murale, une ode \u00e0 la beaut\u00e9 brute et authentique de la nature. Chaque pi\u00e8ce est unique, r\u00e9alis\u00e9e \u00e0 la main avec des mat\u00e9riaux naturels soigneusement s\u00e9lectionn\u00e9s, apportant une touche de chaleur et de s\u00e9r\u00e9nit\u00e9 \u00e0 votre espace.<\/p>\n","protected":false},"featured_media":149,"comment_status":"open","ping_status":"closed","template":"","meta":[],"product_brand":[18],"product_cat":[24],"product_tag":[],"class_list":{"0":"post-160","1":"product","2":"type-product","3":"status-publish","4":"has-post-thumbnail","6":"product_brand-nur","7":"product_cat-suspension-murale","9":"first","10":"instock","11":"shipping-taxable","12":"purchasable","13":"product-type-simple"},"jetpack_sharing_enabled":true,"_links":{"self":[{"href":"https:\/\/lestresorsdekaia.com\/index.php\/wp-json\/wp\/v2\/product\/160","targetHints":{"allow":["GET"]}}],"collection":[{"href":"https:\/\/lestresorsdekaia.com\/index.php\/wp-json\/wp\/v2\/product"}],"about":[{"href":"https:\/\/lestresorsdekaia.com\/index.php\/wp-json\/wp\/v2\/types\/product"}],"replies":[{"embeddable":true,"href":"https:\/\/lestresorsdekaia.com\/index.php\/wp-json\/wp\/v2\/comments?post=160"}],"wp:featuredmedia":[{"embeddable":true,"href":"https:\/\/lestresorsdekaia.com\/index.php\/wp-json\/wp\/v2\/media\/149"}],"wp:attachment":[{"href":"https:\/\/lestresorsdekaia.com\/index.php\/wp-json\/wp\/v2\/media?parent=160"}],"wp:term":[{"taxonomy":"product_brand","embeddable":true,"href":"https:\/\/lestresorsdekaia.com\/index.php\/wp-json\/wp\/v2\/product_brand?post=160"},{"taxonomy":"product_cat","embeddable":true,"href":"https:\/\/lestresorsdekaia.com\/index.php\/wp-json\/wp\/v2\/product_cat?post=160"},{"taxonomy":"product_tag","embeddable":true,"href":"https:\/\/lestresorsdekaia.com\/index.php\/wp-json\/wp\/v2\/product_tag?post=160"}],"curies":[{"name":"wp","href":"https:\/\/api.w.org\/{rel}","templated":true}]}}